{"id":97,"date":"2025-07-23T14:20:05","date_gmt":"2025-07-23T12:20:05","guid":{"rendered":"http:\/\/guia-practiques-primaria.aula.uoc.edu\/guia-practiques-curriculars-estudiantat\/?page_id=97"},"modified":"2025-07-23T14:20:05","modified_gmt":"2025-07-23T12:20:05","slug":"5-3-1-descripcio-general","status":"publish","type":"page","link":"http:\/\/guia-practiques-primaria.aula.uoc.edu\/guia-practiques-curriculars-estudiantat\/5-3-1-descripcio-general\/","title":{"rendered":"5.3.1. Descripci\u00f3 general"},"content":{"rendered":"<p>El Pr\u00e0cticum III \u00e9s una assignatura de 10 cr\u00e8dits, en la qual l\u2019estudiantat realitzar\u00e0 150 hores presencials al centre de pr\u00e0ctiques. Aquestes activitats de naturalesa formativa realitzades per l\u2019estudiantat s\u00f3n supervisades per un mentor o una mentora del centre educatiu on es desenvolupen, i per un tutor o una tutora acad\u00e8mica de la UOC. A m\u00e9s, l\u2019estudiantat realitzar\u00e0 un seguit d\u2019activitats d\u2019aprenentatge proposades a l\u2019aula virtual.<\/p>\n<div class=\"featured featured-blue\"><p>El Pr\u00e0cticum III \u00e9s una assignatura id\u00f2nia perqu\u00e8 l\u2019estudiantat pugui consolidar i aplicar el coneixement dels processos educatius que es produeixen a l\u2019aula, tot refor\u00e7ant l\u2019adquisici\u00f3 de les compet\u00e8ncies necess\u00e0ries per a la pr\u00e0ctica docent.<\/p>\n<\/div>\n","protected":false},"excerpt":{"rendered":"<p>El Pr\u00e0cticum III \u00e9s una assignatura de 10 cr\u00e8dits, en la qual l\u2019estudiantat realitzar\u00e0 150 hores presencials al centre de pr\u00e0ctiques. Aquestes activitats de naturalesa formativa realitzades per l\u2019estudiantat s\u00f3n supervisades per un mentor o una mentora del centre educatiu on es desenvolupen, i per un tutor o una tutora acad\u00e8mica de la UOC. A [&hellip;]<\/p>\n","protected":false},"author":1,"featured_media":0,"parent":0,"menu_order":0,"comment_status":"closed","ping_status":"closed","template":"","meta":[],"acf":[],"_links":{"self":[{"href":"http:\/\/guia-practiques-primaria.aula.uoc.edu\/guia-practiques-curriculars-estudiantat\/wp-json\/wp\/v2\/pages\/97"}],"collection":[{"href":"http:\/\/guia-practiques-primaria.aula.uoc.edu\/guia-practiques-curriculars-estudiantat\/wp-json\/wp\/v2\/pages"}],"about":[{"href":"http:\/\/guia-practiques-primaria.aula.uoc.edu\/guia-practiques-curriculars-estudiantat\/wp-json\/wp\/v2\/types\/page"}],"author":[{"embeddable":true,"href":"http:\/\/guia-practiques-primaria.aula.uoc.edu\/guia-practiques-curriculars-estudiantat\/wp-json\/wp\/v2\/users\/1"}],"replies":[{"embeddable":true,"href":"http:\/\/guia-practiques-primaria.aula.uoc.edu\/guia-practiques-curriculars-estudiantat\/wp-json\/wp\/v2\/comments?post=97"}],"version-history":[{"count":1,"href":"http:\/\/guia-practiques-primaria.aula.uoc.edu\/guia-practiques-curriculars-estudiantat\/wp-json\/wp\/v2\/pages\/97\/revisions"}],"predecessor-version":[{"id":100,"href":"http:\/\/guia-practiques-primaria.aula.uoc.edu\/guia-practiques-curriculars-estudiantat\/wp-json\/wp\/v2\/pages\/97\/revisions\/100"}],"wp:attachment":[{"href":"http:\/\/guia-practiques-primaria.aula.uoc.edu\/guia-practiques-curriculars-estudiantat\/wp-json\/wp\/v2\/media?parent=97"}],"curies":[{"name":"wp","href":"https:\/\/api.w.org\/{rel}","templated":true}]}}