{"id":126,"date":"2021-12-23T12:11:00","date_gmt":"2021-12-23T10:11:00","guid":{"rendered":"https:\/\/guia-practiques-primaria.aula.uoc.edu\/practicum-I\/1-descripcion-general\/"},"modified":"2022-01-05T10:03:55","modified_gmt":"2022-01-05T08:03:55","slug":"1-descripcion-general","status":"publish","type":"page","link":"http:\/\/guia-practiques-primaria.aula.uoc.edu\/practicum-I\/es\/","title":{"rendered":"1. Descripci\u00f3n general"},"content":{"rendered":"<p>El Pr\u00e1cticum I es una asignatura de 6 cr\u00e9ditos y representa el primer contacto del estudiantado con el centro de pr\u00e1cticas en el grado de Educaci\u00f3n Primaria.<\/p>\n<div class=\"featured featured-blue\"><p>El Pr\u00e1cticum I se considera un espacio perfecto para empezar a desarrollar las competencias y progresar en la relaci\u00f3n entre los conocimientos obtenidos de car\u00e1cter te\u00f3rico y el conocimiento que proviene de la experiencia.<\/p>\n<\/div>\n<p>La dedicaci\u00f3n total de la asignatura es de 150 horas, de las cuales 70 son presenciales en el centro de pr\u00e1cticas y 80 son de dedicaci\u00f3n a las actividades propuestas en el aula virtual.<\/p>\n","protected":false},"excerpt":{"rendered":"<p>El Pr\u00e1cticum I es una asignatura de 6 cr\u00e9ditos y representa el primer contacto del estudiantado con el centro de pr\u00e1cticas en el grado de Educaci\u00f3n Primaria. La dedicaci\u00f3n total de la asignatura es de 150 horas, de las cuales 70 son presenciales en el centro de pr\u00e1cticas y 80 son de dedicaci\u00f3n a las [&hellip;]<\/p>\n","protected":false},"author":1,"featured_media":0,"parent":0,"menu_order":0,"comment_status":"closed","ping_status":"closed","template":"","meta":[],"acf":[],"_links":{"self":[{"href":"http:\/\/guia-practiques-primaria.aula.uoc.edu\/practicum-I\/es\/wp-json\/wp\/v2\/pages\/126"}],"collection":[{"href":"http:\/\/guia-practiques-primaria.aula.uoc.edu\/practicum-I\/es\/wp-json\/wp\/v2\/pages"}],"about":[{"href":"http:\/\/guia-practiques-primaria.aula.uoc.edu\/practicum-I\/es\/wp-json\/wp\/v2\/types\/page"}],"author":[{"embeddable":true,"href":"http:\/\/guia-practiques-primaria.aula.uoc.edu\/practicum-I\/es\/wp-json\/wp\/v2\/users\/1"}],"replies":[{"embeddable":true,"href":"http:\/\/guia-practiques-primaria.aula.uoc.edu\/practicum-I\/es\/wp-json\/wp\/v2\/comments?post=126"}],"version-history":[{"count":2,"href":"http:\/\/guia-practiques-primaria.aula.uoc.edu\/practicum-I\/es\/wp-json\/wp\/v2\/pages\/126\/revisions"}],"predecessor-version":[{"id":169,"href":"http:\/\/guia-practiques-primaria.aula.uoc.edu\/practicum-I\/es\/wp-json\/wp\/v2\/pages\/126\/revisions\/169"}],"wp:attachment":[{"href":"http:\/\/guia-practiques-primaria.aula.uoc.edu\/practicum-I\/es\/wp-json\/wp\/v2\/media?parent=126"}],"curies":[{"name":"wp","href":"https:\/\/api.w.org\/{rel}","templated":true}]}}