{"id":133,"date":"2021-12-23T12:14:56","date_gmt":"2021-12-23T10:14:56","guid":{"rendered":"https:\/\/guia-practiques-primaria.aula.uoc.edu\/practicum-I\/?page_id=133"},"modified":"2021-12-23T12:14:56","modified_gmt":"2021-12-23T10:14:56","slug":"3-1-competencias-basicas","status":"publish","type":"page","link":"http:\/\/guia-practiques-primaria.aula.uoc.edu\/practicum-I\/es\/3-1-competencias-basicas\/","title":{"rendered":"3.1. Competencias b\u00e1sicas"},"content":{"rendered":"<p><strong>CB2<\/strong>. Que los estudiantes sepan aplicar sus conocimientos a su trabajo o vocaci\u00f3n de una forma profesional y tengan las competencias que suelen demostrarse mediante la elaboraci\u00f3n y la defensa de argumentos y la resoluci\u00f3n de problemas dentro de su \u00e1rea de estudio.<\/p>\n<p><strong>CB3<\/strong>. Que los estudiantes tengan la capacidad de reunir e interpretar datos relevantes (normalmente dentro de su \u00e1rea de estudio) para emitir juicios que incluyan una reflexi\u00f3n sobre temas relevantes de \u00edndole social, cient\u00edfica o \u00e9tica.<\/p>\n<p><strong>CB4<\/strong>. Que los estudiantes puedan transmitir informaci\u00f3n, ideas, problemas y soluciones a un p\u00fablico tanto especializado como no especializado.<\/p>\n","protected":false},"excerpt":{"rendered":"<p>CB2. Que los estudiantes sepan aplicar sus conocimientos a su trabajo o vocaci\u00f3n de una forma profesional y tengan las competencias que suelen demostrarse mediante la elaboraci\u00f3n y la defensa de argumentos y la resoluci\u00f3n de problemas dentro de su \u00e1rea de estudio. CB3. Que los estudiantes tengan la capacidad de reunir e interpretar datos [&hellip;]<\/p>\n","protected":false},"author":1,"featured_media":0,"parent":0,"menu_order":0,"comment_status":"closed","ping_status":"closed","template":"","meta":[],"acf":[],"_links":{"self":[{"href":"http:\/\/guia-practiques-primaria.aula.uoc.edu\/practicum-I\/es\/wp-json\/wp\/v2\/pages\/133"}],"collection":[{"href":"http:\/\/guia-practiques-primaria.aula.uoc.edu\/practicum-I\/es\/wp-json\/wp\/v2\/pages"}],"about":[{"href":"http:\/\/guia-practiques-primaria.aula.uoc.edu\/practicum-I\/es\/wp-json\/wp\/v2\/types\/page"}],"author":[{"embeddable":true,"href":"http:\/\/guia-practiques-primaria.aula.uoc.edu\/practicum-I\/es\/wp-json\/wp\/v2\/users\/1"}],"replies":[{"embeddable":true,"href":"http:\/\/guia-practiques-primaria.aula.uoc.edu\/practicum-I\/es\/wp-json\/wp\/v2\/comments?post=133"}],"version-history":[{"count":2,"href":"http:\/\/guia-practiques-primaria.aula.uoc.edu\/practicum-I\/es\/wp-json\/wp\/v2\/pages\/133\/revisions"}],"predecessor-version":[{"id":135,"href":"http:\/\/guia-practiques-primaria.aula.uoc.edu\/practicum-I\/es\/wp-json\/wp\/v2\/pages\/133\/revisions\/135"}],"wp:attachment":[{"href":"http:\/\/guia-practiques-primaria.aula.uoc.edu\/practicum-I\/es\/wp-json\/wp\/v2\/media?parent=133"}],"curies":[{"name":"wp","href":"https:\/\/api.w.org\/{rel}","templated":true}]}}