{"id":142,"date":"2021-12-23T12:17:43","date_gmt":"2021-12-23T10:17:43","guid":{"rendered":"https:\/\/guia-practiques-primaria.aula.uoc.edu\/practicum-I\/?page_id=142"},"modified":"2021-12-23T12:17:43","modified_gmt":"2021-12-23T10:17:43","slug":"3-4-competencias-especificas","status":"publish","type":"page","link":"http:\/\/guia-practiques-primaria.aula.uoc.edu\/practicum-I\/es\/3-4-competencias-especificas\/","title":{"rendered":"3.4. Competencias espec\u00edficas"},"content":{"rendered":"<p><strong>CE2<\/strong>. Dise\u00f1ar, planificar y evaluar procesos de ense\u00f1anza y aprendizaje, tanto individualmente como en colaboraci\u00f3n con otros docentes y profesionales del centro de educaci\u00f3n primaria.<\/p>\n<p><strong>CE8<\/strong>. Analizar la organizaci\u00f3n de los centros de educaci\u00f3n primaria y proponer mejoras en la diversidad de acciones que comprende su funcionamiento.<\/p>\n<p><strong>CE12<\/strong>. Mantener una relaci\u00f3n cr\u00edtica y aut\u00f3noma respecto a los saberes, los valores y las instituciones sociales p\u00fablicas y privadas.<\/p>\n<p><strong>CE13<\/strong>. Reflexionar sobre las metodolog\u00edas en el aula para innovar y mejorar la labor docente en la educaci\u00f3n primaria, fomentando actitudes positivas hacia modelos de ense\u00f1anza por indagaci\u00f3n centrados en el estudiante.<\/p>\n<p><strong>CE14<\/strong>. Adquirir h\u00e1bitos y destrezas para el aprendizaje aut\u00f3nomo y cooperativo y promoverlo entre los estudiantes.<\/p>\n","protected":false},"excerpt":{"rendered":"<p>CE2. Dise\u00f1ar, planificar y evaluar procesos de ense\u00f1anza y aprendizaje, tanto individualmente como en colaboraci\u00f3n con otros docentes y profesionales del centro de educaci\u00f3n primaria. CE8. Analizar la organizaci\u00f3n de los centros de educaci\u00f3n primaria y proponer mejoras en la diversidad de acciones que comprende su funcionamiento. CE12. Mantener una relaci\u00f3n cr\u00edtica y aut\u00f3noma respecto [&hellip;]<\/p>\n","protected":false},"author":1,"featured_media":0,"parent":0,"menu_order":0,"comment_status":"closed","ping_status":"closed","template":"","meta":[],"acf":[],"_links":{"self":[{"href":"http:\/\/guia-practiques-primaria.aula.uoc.edu\/practicum-I\/es\/wp-json\/wp\/v2\/pages\/142"}],"collection":[{"href":"http:\/\/guia-practiques-primaria.aula.uoc.edu\/practicum-I\/es\/wp-json\/wp\/v2\/pages"}],"about":[{"href":"http:\/\/guia-practiques-primaria.aula.uoc.edu\/practicum-I\/es\/wp-json\/wp\/v2\/types\/page"}],"author":[{"embeddable":true,"href":"http:\/\/guia-practiques-primaria.aula.uoc.edu\/practicum-I\/es\/wp-json\/wp\/v2\/users\/1"}],"replies":[{"embeddable":true,"href":"http:\/\/guia-practiques-primaria.aula.uoc.edu\/practicum-I\/es\/wp-json\/wp\/v2\/comments?post=142"}],"version-history":[{"count":2,"href":"http:\/\/guia-practiques-primaria.aula.uoc.edu\/practicum-I\/es\/wp-json\/wp\/v2\/pages\/142\/revisions"}],"predecessor-version":[{"id":144,"href":"http:\/\/guia-practiques-primaria.aula.uoc.edu\/practicum-I\/es\/wp-json\/wp\/v2\/pages\/142\/revisions\/144"}],"wp:attachment":[{"href":"http:\/\/guia-practiques-primaria.aula.uoc.edu\/practicum-I\/es\/wp-json\/wp\/v2\/media?parent=142"}],"curies":[{"name":"wp","href":"https:\/\/api.w.org\/{rel}","templated":true}]}}