{"id":84,"date":"2021-12-02T16:40:37","date_gmt":"2021-12-02T14:40:37","guid":{"rendered":"https:\/\/guia-practiques-primaria.aula.uoc.edu\/practicum\/?page_id=84"},"modified":"2021-12-15T14:31:31","modified_gmt":"2021-12-15T12:31:31","slug":"3-1-competencies-basiques","status":"publish","type":"page","link":"http:\/\/guia-practiques-primaria.aula.uoc.edu\/practicum-I\/3-1-competencies-basiques\/","title":{"rendered":"3.1. Compet\u00e8ncies b\u00e0siques"},"content":{"rendered":"<p><strong>CB2<\/strong>. Que els estudiants s\u00e0piguen aplicar els seus coneixements al seu treball o vocaci\u00f3 d\u2019una forma professional i tinguin les compet\u00e8ncies que solen demostrar-se mitjan\u00e7ant l\u2019elaboraci\u00f3 i la defensa d\u2019arguments i la resoluci\u00f3 de problemes dins de la seva \u00e0rea d\u2019estudi.<\/p>\n<p><strong>CB3<\/strong>. Que els estudiants tinguin la capacitat de reunir i interpretar dades rellevants (normalment dins de la seva \u00e0rea d\u2019estudi) per emetre judicis que incloguin una reflexi\u00f3 sobre temes rellevants d\u2019\u00edndole social, cient\u00edfica o \u00e8tica.<\/p>\n<p><strong>CB4<\/strong>. Que els estudiants puguin transmetre informaci\u00f3, idees, problemes i solucions a un p\u00fablic tant especialitzat com no especialitzat.<\/p>\n","protected":false},"excerpt":{"rendered":"<p>CB2. Que els estudiants s\u00e0piguen aplicar els seus coneixements al seu treball o vocaci\u00f3 d\u2019una forma professional i tinguin les compet\u00e8ncies que solen demostrar-se mitjan\u00e7ant l\u2019elaboraci\u00f3 i la defensa d\u2019arguments i la resoluci\u00f3 de problemes dins de la seva \u00e0rea d\u2019estudi. CB3. Que els estudiants tinguin la capacitat de reunir i interpretar dades rellevants (normalment [&hellip;]<\/p>\n","protected":false},"author":1,"featured_media":0,"parent":0,"menu_order":0,"comment_status":"closed","ping_status":"closed","template":"","meta":[],"acf":[],"_links":{"self":[{"href":"http:\/\/guia-practiques-primaria.aula.uoc.edu\/practicum-I\/wp-json\/wp\/v2\/pages\/84"}],"collection":[{"href":"http:\/\/guia-practiques-primaria.aula.uoc.edu\/practicum-I\/wp-json\/wp\/v2\/pages"}],"about":[{"href":"http:\/\/guia-practiques-primaria.aula.uoc.edu\/practicum-I\/wp-json\/wp\/v2\/types\/page"}],"author":[{"embeddable":true,"href":"http:\/\/guia-practiques-primaria.aula.uoc.edu\/practicum-I\/wp-json\/wp\/v2\/users\/1"}],"replies":[{"embeddable":true,"href":"http:\/\/guia-practiques-primaria.aula.uoc.edu\/practicum-I\/wp-json\/wp\/v2\/comments?post=84"}],"version-history":[{"count":2,"href":"http:\/\/guia-practiques-primaria.aula.uoc.edu\/practicum-I\/wp-json\/wp\/v2\/pages\/84\/revisions"}],"predecessor-version":[{"id":120,"href":"http:\/\/guia-practiques-primaria.aula.uoc.edu\/practicum-I\/wp-json\/wp\/v2\/pages\/84\/revisions\/120"}],"wp:attachment":[{"href":"http:\/\/guia-practiques-primaria.aula.uoc.edu\/practicum-I\/wp-json\/wp\/v2\/media?parent=84"}],"curies":[{"name":"wp","href":"https:\/\/api.w.org\/{rel}","templated":true}]}}