{"id":101,"date":"2025-10-09T12:31:39","date_gmt":"2025-10-09T10:31:39","guid":{"rendered":"http:\/\/guia-practiques-primaria.aula.uoc.edu\/preguntes-frequents-faqs\/?page_id=101"},"modified":"2025-10-09T12:32:21","modified_gmt":"2025-10-09T10:32:21","slug":"5-puedo-hacer-dos-practicums-a-la-vez","status":"publish","type":"page","link":"http:\/\/guia-practiques-primaria.aula.uoc.edu\/preguntes-frequents-faqs\/es\/5-puedo-hacer-dos-practicums-a-la-vez\/","title":{"rendered":"5. \u00bfPuedo hacer dos pr\u00e1cticums a la vez?"},"content":{"rendered":"<p>La recomendaci\u00f3n por parte del Grado es que los estudiantes cursen los pr\u00e1cticums de uno en uno, con el fin de dar m\u00e1s coherencia al plan de estudios entero y disfrutar al m\u00e1ximo de la estancia en el centro de pr\u00e1cticas. Ahora bien, con el fin de favorecer la conciliaci\u00f3n a los estudiantes, es posible matricularse de dos pr\u00e1cticums consecutivos a la vez y, por tanto, cursarlos conjuntamente en el mismo semestre.<\/p>\n<p>En caso de que quieras optar por esta opci\u00f3n, sin embargo, hay que ser consciente de que:<\/p>\n<ul>\n<li>Habr\u00e1 que realizar las horas de cada uno de los pr\u00e1cticums, as\u00ed como las actividades de evaluaci\u00f3n continua de cada asignatura, por separado.<\/li>\n<li>A la hora de hacer la matriculaci\u00f3n de las asignaturas, es necesario que cumplas los requisitos del pr\u00e1cticum m\u00e1s alto que matriculaciones.<\/li>\n<\/ul>\n","protected":false},"excerpt":{"rendered":"<p>La recomendaci\u00f3n por parte del Grado es que los estudiantes cursen los pr\u00e1cticums de uno en uno, con el fin de dar m\u00e1s coherencia al plan de estudios entero y disfrutar al m\u00e1ximo de la estancia en el centro de pr\u00e1cticas. Ahora bien, con el fin de favorecer la conciliaci\u00f3n a los estudiantes, es posible [&hellip;]<\/p>\n","protected":false},"author":1,"featured_media":0,"parent":0,"menu_order":0,"comment_status":"closed","ping_status":"closed","template":"","meta":[],"acf":[],"_links":{"self":[{"href":"http:\/\/guia-practiques-primaria.aula.uoc.edu\/preguntes-frequents-faqs\/es\/wp-json\/wp\/v2\/pages\/101"}],"collection":[{"href":"http:\/\/guia-practiques-primaria.aula.uoc.edu\/preguntes-frequents-faqs\/es\/wp-json\/wp\/v2\/pages"}],"about":[{"href":"http:\/\/guia-practiques-primaria.aula.uoc.edu\/preguntes-frequents-faqs\/es\/wp-json\/wp\/v2\/types\/page"}],"author":[{"embeddable":true,"href":"http:\/\/guia-practiques-primaria.aula.uoc.edu\/preguntes-frequents-faqs\/es\/wp-json\/wp\/v2\/users\/1"}],"replies":[{"embeddable":true,"href":"http:\/\/guia-practiques-primaria.aula.uoc.edu\/preguntes-frequents-faqs\/es\/wp-json\/wp\/v2\/comments?post=101"}],"version-history":[{"count":3,"href":"http:\/\/guia-practiques-primaria.aula.uoc.edu\/preguntes-frequents-faqs\/es\/wp-json\/wp\/v2\/pages\/101\/revisions"}],"predecessor-version":[{"id":105,"href":"http:\/\/guia-practiques-primaria.aula.uoc.edu\/preguntes-frequents-faqs\/es\/wp-json\/wp\/v2\/pages\/101\/revisions\/105"}],"wp:attachment":[{"href":"http:\/\/guia-practiques-primaria.aula.uoc.edu\/preguntes-frequents-faqs\/es\/wp-json\/wp\/v2\/media?parent=101"}],"curies":[{"name":"wp","href":"https:\/\/api.w.org\/{rel}","templated":true}]}}