{"id":106,"date":"2025-10-09T12:35:02","date_gmt":"2025-10-09T10:35:02","guid":{"rendered":"http:\/\/guia-practiques-primaria.aula.uoc.edu\/preguntes-frequents-faqs\/?page_id=106"},"modified":"2025-10-27T09:09:53","modified_gmt":"2025-10-27T07:09:53","slug":"6-como-me-tengo-que-inscribir-en-las-practicas","status":"publish","type":"page","link":"http:\/\/guia-practiques-primaria.aula.uoc.edu\/preguntes-frequents-faqs\/es\/6-como-me-tengo-que-inscribir-en-las-practicas\/","title":{"rendered":"6. \u00bfC\u00f3mo me tengo que inscribir en las pr\u00e1cticas?"},"content":{"rendered":"<p>Puedes consultar los plazos y procedimientos para solicitar las pr\u00e1cticas curriculares en el espacio del Campus <a href=\"https:\/\/campus.uoc.edu\/estudiant\/tramits\/es\/practiques\/practiques_curriculars\/\" target=\"_blank\" rel=\"noopener\">Tr\u00e1mites \/ Pr\u00e1cticas a empresas \/ Pr\u00e1cticas curriculares<\/a>.<\/p>\n","protected":false},"excerpt":{"rendered":"<p>Puedes consultar los plazos y procedimientos para solicitar las pr\u00e1cticas curriculares en el espacio del Campus Tr\u00e1mites \/ Pr\u00e1cticas a empresas \/ Pr\u00e1cticas curriculares.<\/p>\n","protected":false},"author":1,"featured_media":0,"parent":0,"menu_order":0,"comment_status":"closed","ping_status":"closed","template":"","meta":[],"acf":[],"_links":{"self":[{"href":"http:\/\/guia-practiques-primaria.aula.uoc.edu\/preguntes-frequents-faqs\/es\/wp-json\/wp\/v2\/pages\/106"}],"collection":[{"href":"http:\/\/guia-practiques-primaria.aula.uoc.edu\/preguntes-frequents-faqs\/es\/wp-json\/wp\/v2\/pages"}],"about":[{"href":"http:\/\/guia-practiques-primaria.aula.uoc.edu\/preguntes-frequents-faqs\/es\/wp-json\/wp\/v2\/types\/page"}],"author":[{"embeddable":true,"href":"http:\/\/guia-practiques-primaria.aula.uoc.edu\/preguntes-frequents-faqs\/es\/wp-json\/wp\/v2\/users\/1"}],"replies":[{"embeddable":true,"href":"http:\/\/guia-practiques-primaria.aula.uoc.edu\/preguntes-frequents-faqs\/es\/wp-json\/wp\/v2\/comments?post=106"}],"version-history":[{"count":3,"href":"http:\/\/guia-practiques-primaria.aula.uoc.edu\/preguntes-frequents-faqs\/es\/wp-json\/wp\/v2\/pages\/106\/revisions"}],"predecessor-version":[{"id":170,"href":"http:\/\/guia-practiques-primaria.aula.uoc.edu\/preguntes-frequents-faqs\/es\/wp-json\/wp\/v2\/pages\/106\/revisions\/170"}],"wp:attachment":[{"href":"http:\/\/guia-practiques-primaria.aula.uoc.edu\/preguntes-frequents-faqs\/es\/wp-json\/wp\/v2\/media?parent=106"}],"curies":[{"name":"wp","href":"https:\/\/api.w.org\/{rel}","templated":true}]}}