{"id":110,"date":"2025-10-09T12:36:41","date_gmt":"2025-10-09T10:36:41","guid":{"rendered":"http:\/\/guia-practiques-primaria.aula.uoc.edu\/preguntes-frequents-faqs\/?page_id=110"},"modified":"2025-10-27T09:09:07","modified_gmt":"2025-10-27T07:09:07","slug":"7-si-vivo-en-el-estado-espanol-puedo-hacer-las-practicas","status":"publish","type":"page","link":"http:\/\/guia-practiques-primaria.aula.uoc.edu\/preguntes-frequents-faqs\/es\/7-si-vivo-en-el-estado-espanol-puedo-hacer-las-practicas\/","title":{"rendered":"7. Si vivo en el estado espa\u00f1ol, \u00bfpuedo hacer las pr\u00e1cticas?"},"content":{"rendered":"<p>S\u00ed. Cada comunidad aut\u00f3noma tiene unas regulaciones propias en referencia a las pr\u00e1cticas de educaci\u00f3n. Por este motivo, antes de ponerte en contacto con un centro te tienes que asegurar que la consejer\u00eda de la comunidad aut\u00f3noma donde quieres hacer las pr\u00e1cticas permite hacer convenios de pr\u00e1cticas. Encontrar\u00e1s la informaci\u00f3n en este <a href=\"https:\/\/campus.uoc.edu\/estudiant\/tramits\/es\/practiques\/practiques_curriculars\/convenis_ccaa\/index.html\" target=\"_blank\" rel=\"noopener\">espacio<\/a>.<\/p>\n","protected":false},"excerpt":{"rendered":"<p>S\u00ed. Cada comunidad aut\u00f3noma tiene unas regulaciones propias en referencia a las pr\u00e1cticas de educaci\u00f3n. Por este motivo, antes de ponerte en contacto con un centro te tienes que asegurar que la consejer\u00eda de la comunidad aut\u00f3noma donde quieres hacer las pr\u00e1cticas permite hacer convenios de pr\u00e1cticas. Encontrar\u00e1s la informaci\u00f3n en este espacio.<\/p>\n","protected":false},"author":1,"featured_media":0,"parent":0,"menu_order":0,"comment_status":"closed","ping_status":"closed","template":"","meta":[],"acf":[],"_links":{"self":[{"href":"http:\/\/guia-practiques-primaria.aula.uoc.edu\/preguntes-frequents-faqs\/es\/wp-json\/wp\/v2\/pages\/110"}],"collection":[{"href":"http:\/\/guia-practiques-primaria.aula.uoc.edu\/preguntes-frequents-faqs\/es\/wp-json\/wp\/v2\/pages"}],"about":[{"href":"http:\/\/guia-practiques-primaria.aula.uoc.edu\/preguntes-frequents-faqs\/es\/wp-json\/wp\/v2\/types\/page"}],"author":[{"embeddable":true,"href":"http:\/\/guia-practiques-primaria.aula.uoc.edu\/preguntes-frequents-faqs\/es\/wp-json\/wp\/v2\/users\/1"}],"replies":[{"embeddable":true,"href":"http:\/\/guia-practiques-primaria.aula.uoc.edu\/preguntes-frequents-faqs\/es\/wp-json\/wp\/v2\/comments?post=110"}],"version-history":[{"count":3,"href":"http:\/\/guia-practiques-primaria.aula.uoc.edu\/preguntes-frequents-faqs\/es\/wp-json\/wp\/v2\/pages\/110\/revisions"}],"predecessor-version":[{"id":169,"href":"http:\/\/guia-practiques-primaria.aula.uoc.edu\/preguntes-frequents-faqs\/es\/wp-json\/wp\/v2\/pages\/110\/revisions\/169"}],"wp:attachment":[{"href":"http:\/\/guia-practiques-primaria.aula.uoc.edu\/preguntes-frequents-faqs\/es\/wp-json\/wp\/v2\/media?parent=110"}],"curies":[{"name":"wp","href":"https:\/\/api.w.org\/{rel}","templated":true}]}}