{"id":114,"date":"2025-10-09T12:38:43","date_gmt":"2025-10-09T10:38:43","guid":{"rendered":"http:\/\/guia-practiques-primaria.aula.uoc.edu\/preguntes-frequents-faqs\/?page_id=114"},"modified":"2025-10-09T12:38:43","modified_gmt":"2025-10-09T10:38:43","slug":"8-si-vivo-en-el-extranjero-puedo-hacer-las-practicas-en-un-centro-del-pais-donde-resido","status":"publish","type":"page","link":"http:\/\/guia-practiques-primaria.aula.uoc.edu\/preguntes-frequents-faqs\/es\/8-si-vivo-en-el-extranjero-puedo-hacer-las-practicas-en-un-centro-del-pais-donde-resido\/","title":{"rendered":"8. Si vivo en el extranjero, \u00bfpuedo hacer las pr\u00e1cticas en un centro del pa\u00eds donde resido?"},"content":{"rendered":"<p>Se pueden realizar las pr\u00e1cticas en el extranjero, siempre que se hagan en centros adscritos al sistema educativo espa\u00f1ol. Puedes consultar qu\u00e9 centros cumplen este requisito desde este <a href=\"https:\/\/www.educacion.gob.es\/centros\/buscarCentros?codaut=60&amp;nombreaut=EXTRANJERO&amp;codprov=00&amp;tipocentro=6101\" target=\"_blank\" rel=\"noopener\">espacio<\/a>.<\/p>\n","protected":false},"excerpt":{"rendered":"<p>Se pueden realizar las pr\u00e1cticas en el extranjero, siempre que se hagan en centros adscritos al sistema educativo espa\u00f1ol. Puedes consultar qu\u00e9 centros cumplen este requisito desde este espacio.<\/p>\n","protected":false},"author":1,"featured_media":0,"parent":0,"menu_order":0,"comment_status":"closed","ping_status":"closed","template":"","meta":[],"acf":[],"_links":{"self":[{"href":"http:\/\/guia-practiques-primaria.aula.uoc.edu\/preguntes-frequents-faqs\/es\/wp-json\/wp\/v2\/pages\/114"}],"collection":[{"href":"http:\/\/guia-practiques-primaria.aula.uoc.edu\/preguntes-frequents-faqs\/es\/wp-json\/wp\/v2\/pages"}],"about":[{"href":"http:\/\/guia-practiques-primaria.aula.uoc.edu\/preguntes-frequents-faqs\/es\/wp-json\/wp\/v2\/types\/page"}],"author":[{"embeddable":true,"href":"http:\/\/guia-practiques-primaria.aula.uoc.edu\/preguntes-frequents-faqs\/es\/wp-json\/wp\/v2\/users\/1"}],"replies":[{"embeddable":true,"href":"http:\/\/guia-practiques-primaria.aula.uoc.edu\/preguntes-frequents-faqs\/es\/wp-json\/wp\/v2\/comments?post=114"}],"version-history":[{"count":2,"href":"http:\/\/guia-practiques-primaria.aula.uoc.edu\/preguntes-frequents-faqs\/es\/wp-json\/wp\/v2\/pages\/114\/revisions"}],"predecessor-version":[{"id":116,"href":"http:\/\/guia-practiques-primaria.aula.uoc.edu\/preguntes-frequents-faqs\/es\/wp-json\/wp\/v2\/pages\/114\/revisions\/116"}],"wp:attachment":[{"href":"http:\/\/guia-practiques-primaria.aula.uoc.edu\/preguntes-frequents-faqs\/es\/wp-json\/wp\/v2\/media?parent=114"}],"curies":[{"name":"wp","href":"https:\/\/api.w.org\/{rel}","templated":true}]}}