{"id":119,"date":"2025-10-09T12:52:16","date_gmt":"2025-10-09T10:52:16","guid":{"rendered":"http:\/\/guia-practiques-primaria.aula.uoc.edu\/preguntes-frequents-faqs\/?page_id=119"},"modified":"2026-01-20T11:25:08","modified_gmt":"2026-01-20T09:25:08","slug":"9-se-pueden-convalidar-las-practicas","status":"publish","type":"page","link":"http:\/\/guia-practiques-primaria.aula.uoc.edu\/preguntes-frequents-faqs\/es\/9-se-pueden-convalidar-las-practicas\/","title":{"rendered":"9. \u00bfSe pueden convalidar las pr\u00e1cticas?"},"content":{"rendered":"<p>Los cuatro primeros pr\u00e1cticums pueden ser convalidados de acuerdo con la experiencia profesional (RAEP). En las <a href=\"https:\/\/campus.uoc.edu\/estudiant\/tramits\/es\/convalidacions\/experiencia_professional\/taules\/index.html\" target=\"_blank\" rel=\"noopener\">tablas de reconocimientos<\/a> puedes consultar qu\u00e9 documentaci\u00f3n debes presentar para acreditar la experiencia profesional. Consulte la informaci\u00f3n del RAEP en Campus \/ <em>Reconocimientos y convalidaciones<\/em> \/ <em>Reconocimiento de la experiencia profesional<\/em>.<\/p>\n","protected":false},"excerpt":{"rendered":"<p>Los cuatro primeros pr\u00e1cticums pueden ser convalidados de acuerdo con la experiencia profesional (RAEP). En las tablas de reconocimientos puedes consultar qu\u00e9 documentaci\u00f3n debes presentar para acreditar la experiencia profesional. Consulte la informaci\u00f3n del RAEP en Campus \/ Reconocimientos y convalidaciones \/ Reconocimiento de la experiencia profesional.<\/p>\n","protected":false},"author":1,"featured_media":0,"parent":0,"menu_order":0,"comment_status":"closed","ping_status":"closed","template":"","meta":[],"acf":[],"_links":{"self":[{"href":"http:\/\/guia-practiques-primaria.aula.uoc.edu\/preguntes-frequents-faqs\/es\/wp-json\/wp\/v2\/pages\/119"}],"collection":[{"href":"http:\/\/guia-practiques-primaria.aula.uoc.edu\/preguntes-frequents-faqs\/es\/wp-json\/wp\/v2\/pages"}],"about":[{"href":"http:\/\/guia-practiques-primaria.aula.uoc.edu\/preguntes-frequents-faqs\/es\/wp-json\/wp\/v2\/types\/page"}],"author":[{"embeddable":true,"href":"http:\/\/guia-practiques-primaria.aula.uoc.edu\/preguntes-frequents-faqs\/es\/wp-json\/wp\/v2\/users\/1"}],"replies":[{"embeddable":true,"href":"http:\/\/guia-practiques-primaria.aula.uoc.edu\/preguntes-frequents-faqs\/es\/wp-json\/wp\/v2\/comments?post=119"}],"version-history":[{"count":5,"href":"http:\/\/guia-practiques-primaria.aula.uoc.edu\/preguntes-frequents-faqs\/es\/wp-json\/wp\/v2\/pages\/119\/revisions"}],"predecessor-version":[{"id":177,"href":"http:\/\/guia-practiques-primaria.aula.uoc.edu\/preguntes-frequents-faqs\/es\/wp-json\/wp\/v2\/pages\/119\/revisions\/177"}],"wp:attachment":[{"href":"http:\/\/guia-practiques-primaria.aula.uoc.edu\/preguntes-frequents-faqs\/es\/wp-json\/wp\/v2\/media?parent=119"}],"curies":[{"name":"wp","href":"https:\/\/api.w.org\/{rel}","templated":true}]}}