{"id":123,"date":"2025-10-09T12:53:59","date_gmt":"2025-10-09T10:53:59","guid":{"rendered":"http:\/\/guia-practiques-primaria.aula.uoc.edu\/preguntes-frequents-faqs\/?page_id=123"},"modified":"2025-10-09T12:53:59","modified_gmt":"2025-10-09T10:53:59","slug":"10-puedo-elegir-libremente-el-centro-de-practicas","status":"publish","type":"page","link":"http:\/\/guia-practiques-primaria.aula.uoc.edu\/preguntes-frequents-faqs\/es\/10-puedo-elegir-libremente-el-centro-de-practicas\/","title":{"rendered":"10. \u00bfPuedo elegir libremente el centro de pr\u00e1cticas?"},"content":{"rendered":"<p>Seg\u00fan la opci\u00f3n de pr\u00e1cticas que quieras elegir, la asignaci\u00f3n del centro de pr\u00e1cticas lo realizar\u00e1 la Universidad o el propio estudiante.<\/p>\n","protected":false},"excerpt":{"rendered":"<p>Seg\u00fan la opci\u00f3n de pr\u00e1cticas que quieras elegir, la asignaci\u00f3n del centro de pr\u00e1cticas lo realizar\u00e1 la Universidad o el propio estudiante.<\/p>\n","protected":false},"author":1,"featured_media":0,"parent":0,"menu_order":0,"comment_status":"closed","ping_status":"closed","template":"","meta":[],"acf":[],"_links":{"self":[{"href":"http:\/\/guia-practiques-primaria.aula.uoc.edu\/preguntes-frequents-faqs\/es\/wp-json\/wp\/v2\/pages\/123"}],"collection":[{"href":"http:\/\/guia-practiques-primaria.aula.uoc.edu\/preguntes-frequents-faqs\/es\/wp-json\/wp\/v2\/pages"}],"about":[{"href":"http:\/\/guia-practiques-primaria.aula.uoc.edu\/preguntes-frequents-faqs\/es\/wp-json\/wp\/v2\/types\/page"}],"author":[{"embeddable":true,"href":"http:\/\/guia-practiques-primaria.aula.uoc.edu\/preguntes-frequents-faqs\/es\/wp-json\/wp\/v2\/users\/1"}],"replies":[{"embeddable":true,"href":"http:\/\/guia-practiques-primaria.aula.uoc.edu\/preguntes-frequents-faqs\/es\/wp-json\/wp\/v2\/comments?post=123"}],"version-history":[{"count":2,"href":"http:\/\/guia-practiques-primaria.aula.uoc.edu\/preguntes-frequents-faqs\/es\/wp-json\/wp\/v2\/pages\/123\/revisions"}],"predecessor-version":[{"id":125,"href":"http:\/\/guia-practiques-primaria.aula.uoc.edu\/preguntes-frequents-faqs\/es\/wp-json\/wp\/v2\/pages\/123\/revisions\/125"}],"wp:attachment":[{"href":"http:\/\/guia-practiques-primaria.aula.uoc.edu\/preguntes-frequents-faqs\/es\/wp-json\/wp\/v2\/media?parent=123"}],"curies":[{"name":"wp","href":"https:\/\/api.w.org\/{rel}","templated":true}]}}