{"id":127,"date":"2025-10-09T12:55:29","date_gmt":"2025-10-09T10:55:29","guid":{"rendered":"http:\/\/guia-practiques-primaria.aula.uoc.edu\/preguntes-frequents-faqs\/?page_id=127"},"modified":"2025-10-09T12:55:29","modified_gmt":"2025-10-09T10:55:29","slug":"11-que-es-el-convenio-de-practicas","status":"publish","type":"page","link":"http:\/\/guia-practiques-primaria.aula.uoc.edu\/preguntes-frequents-faqs\/es\/11-que-es-el-convenio-de-practicas\/","title":{"rendered":"11. \u00bfQu\u00e9 es el convenio de pr\u00e1cticas?"},"content":{"rendered":"<p>El convenio de pr\u00e1cticas es el documento que establece los acuerdos entre la universidad y el centro de pr\u00e1cticas del estudiante del m\u00e1ster. La UOC enviar\u00e1 el documento por correo electr\u00f3nico a las partes, el estudiante podr\u00e1 firmarlo desde el m\u00f3vil, la tableta o el ordenador, con total validez legal y el centro deber\u00e1 hacerlo mediante firma electr\u00f3nica.<\/p>\n","protected":false},"excerpt":{"rendered":"<p>El convenio de pr\u00e1cticas es el documento que establece los acuerdos entre la universidad y el centro de pr\u00e1cticas del estudiante del m\u00e1ster. La UOC enviar\u00e1 el documento por correo electr\u00f3nico a las partes, el estudiante podr\u00e1 firmarlo desde el m\u00f3vil, la tableta o el ordenador, con total validez legal y el centro deber\u00e1 hacerlo [&hellip;]<\/p>\n","protected":false},"author":1,"featured_media":0,"parent":0,"menu_order":0,"comment_status":"closed","ping_status":"closed","template":"","meta":[],"acf":[],"_links":{"self":[{"href":"http:\/\/guia-practiques-primaria.aula.uoc.edu\/preguntes-frequents-faqs\/es\/wp-json\/wp\/v2\/pages\/127"}],"collection":[{"href":"http:\/\/guia-practiques-primaria.aula.uoc.edu\/preguntes-frequents-faqs\/es\/wp-json\/wp\/v2\/pages"}],"about":[{"href":"http:\/\/guia-practiques-primaria.aula.uoc.edu\/preguntes-frequents-faqs\/es\/wp-json\/wp\/v2\/types\/page"}],"author":[{"embeddable":true,"href":"http:\/\/guia-practiques-primaria.aula.uoc.edu\/preguntes-frequents-faqs\/es\/wp-json\/wp\/v2\/users\/1"}],"replies":[{"embeddable":true,"href":"http:\/\/guia-practiques-primaria.aula.uoc.edu\/preguntes-frequents-faqs\/es\/wp-json\/wp\/v2\/comments?post=127"}],"version-history":[{"count":2,"href":"http:\/\/guia-practiques-primaria.aula.uoc.edu\/preguntes-frequents-faqs\/es\/wp-json\/wp\/v2\/pages\/127\/revisions"}],"predecessor-version":[{"id":129,"href":"http:\/\/guia-practiques-primaria.aula.uoc.edu\/preguntes-frequents-faqs\/es\/wp-json\/wp\/v2\/pages\/127\/revisions\/129"}],"wp:attachment":[{"href":"http:\/\/guia-practiques-primaria.aula.uoc.edu\/preguntes-frequents-faqs\/es\/wp-json\/wp\/v2\/media?parent=127"}],"curies":[{"name":"wp","href":"https:\/\/api.w.org\/{rel}","templated":true}]}}