{"id":131,"date":"2025-10-09T12:57:24","date_gmt":"2025-10-09T10:57:24","guid":{"rendered":"http:\/\/guia-practiques-primaria.aula.uoc.edu\/preguntes-frequents-faqs\/?page_id=131"},"modified":"2025-10-27T09:06:53","modified_gmt":"2025-10-27T07:06:53","slug":"12-puedo-hacer-las-practicas-en-el-centro-donde-trabajo","status":"publish","type":"page","link":"http:\/\/guia-practiques-primaria.aula.uoc.edu\/preguntes-frequents-faqs\/es\/12-puedo-hacer-las-practicas-en-el-centro-donde-trabajo\/","title":{"rendered":"12. \u00bfPuedo hacer las pr\u00e1cticas en el centro donde trabajo?"},"content":{"rendered":"<p>S\u00ed, puedes realizar las pr\u00e1cticas en el centro donde trabajas. Se podr\u00e1 hacer hasta un 25 % de las horas de pr\u00e1cticas durante el horario laboral, siempre que las tareas est\u00e9n relacionadas con docencia en la educaci\u00f3n primaria. Si se opta por esta opci\u00f3n, hay que rellenar el <a href=\"https:\/\/forms.gle\/Rh9t6RzAZ3EkV1oQA\" target=\"_blank\" rel=\"noopener\">formulario<\/a> y entregar (a trav\u00e9s del mismo formulario) la <a href=\"\/wp-content\/uploads\/sites\/16\/2025\/10\/PID_00307834-04-Declaracion-de-responsabildad-del_estudiante.docx\" target=\"_blank\" rel=\"noopener\">declaraci\u00f3n de responsabilidad junto con el certificado emitido por el centro educativo<\/a> donde se presta servicio.<\/p>\n","protected":false},"excerpt":{"rendered":"<p>S\u00ed, puedes realizar las pr\u00e1cticas en el centro donde trabajas. Se podr\u00e1 hacer hasta un 25 % de las horas de pr\u00e1cticas durante el horario laboral, siempre que las tareas est\u00e9n relacionadas con docencia en la educaci\u00f3n primaria. Si se opta por esta opci\u00f3n, hay que rellenar el formulario y entregar (a trav\u00e9s del mismo [&hellip;]<\/p>\n","protected":false},"author":1,"featured_media":0,"parent":0,"menu_order":0,"comment_status":"closed","ping_status":"closed","template":"","meta":[],"acf":[],"_links":{"self":[{"href":"http:\/\/guia-practiques-primaria.aula.uoc.edu\/preguntes-frequents-faqs\/es\/wp-json\/wp\/v2\/pages\/131"}],"collection":[{"href":"http:\/\/guia-practiques-primaria.aula.uoc.edu\/preguntes-frequents-faqs\/es\/wp-json\/wp\/v2\/pages"}],"about":[{"href":"http:\/\/guia-practiques-primaria.aula.uoc.edu\/preguntes-frequents-faqs\/es\/wp-json\/wp\/v2\/types\/page"}],"author":[{"embeddable":true,"href":"http:\/\/guia-practiques-primaria.aula.uoc.edu\/preguntes-frequents-faqs\/es\/wp-json\/wp\/v2\/users\/1"}],"replies":[{"embeddable":true,"href":"http:\/\/guia-practiques-primaria.aula.uoc.edu\/preguntes-frequents-faqs\/es\/wp-json\/wp\/v2\/comments?post=131"}],"version-history":[{"count":7,"href":"http:\/\/guia-practiques-primaria.aula.uoc.edu\/preguntes-frequents-faqs\/es\/wp-json\/wp\/v2\/pages\/131\/revisions"}],"predecessor-version":[{"id":168,"href":"http:\/\/guia-practiques-primaria.aula.uoc.edu\/preguntes-frequents-faqs\/es\/wp-json\/wp\/v2\/pages\/131\/revisions\/168"}],"wp:attachment":[{"href":"http:\/\/guia-practiques-primaria.aula.uoc.edu\/preguntes-frequents-faqs\/es\/wp-json\/wp\/v2\/media?parent=131"}],"curies":[{"name":"wp","href":"https:\/\/api.w.org\/{rel}","templated":true}]}}