{"id":145,"date":"2025-10-09T13:06:42","date_gmt":"2025-10-09T11:06:42","guid":{"rendered":"http:\/\/guia-practiques-primaria.aula.uoc.edu\/preguntes-frequents-faqs\/?page_id=145"},"modified":"2025-10-09T13:06:42","modified_gmt":"2025-10-09T11:06:42","slug":"14-quien-y-como-evalua-mis-practicas","status":"publish","type":"page","link":"http:\/\/guia-practiques-primaria.aula.uoc.edu\/preguntes-frequents-faqs\/es\/14-quien-y-como-evalua-mis-practicas\/","title":{"rendered":"14. \u00bfQui\u00e9n y c\u00f3mo eval\u00faa mis pr\u00e1cticas?"},"content":{"rendered":"<p>La evaluaci\u00f3n de las pr\u00e1cticas tiene en cuenta la valoraci\u00f3n que emite la mentor\u00eda de centro y el docente del aula virtual. La nota final es el resultado de las actividades propuestas en el aula virtual y del informe de pr\u00e1cticas que elabora el mentor o la mentora del centro.<\/p>\n","protected":false},"excerpt":{"rendered":"<p>La evaluaci\u00f3n de las pr\u00e1cticas tiene en cuenta la valoraci\u00f3n que emite la mentor\u00eda de centro y el docente del aula virtual. La nota final es el resultado de las actividades propuestas en el aula virtual y del informe de pr\u00e1cticas que elabora el mentor o la mentora del centro.<\/p>\n","protected":false},"author":1,"featured_media":0,"parent":0,"menu_order":0,"comment_status":"closed","ping_status":"closed","template":"","meta":[],"acf":[],"_links":{"self":[{"href":"http:\/\/guia-practiques-primaria.aula.uoc.edu\/preguntes-frequents-faqs\/es\/wp-json\/wp\/v2\/pages\/145"}],"collection":[{"href":"http:\/\/guia-practiques-primaria.aula.uoc.edu\/preguntes-frequents-faqs\/es\/wp-json\/wp\/v2\/pages"}],"about":[{"href":"http:\/\/guia-practiques-primaria.aula.uoc.edu\/preguntes-frequents-faqs\/es\/wp-json\/wp\/v2\/types\/page"}],"author":[{"embeddable":true,"href":"http:\/\/guia-practiques-primaria.aula.uoc.edu\/preguntes-frequents-faqs\/es\/wp-json\/wp\/v2\/users\/1"}],"replies":[{"embeddable":true,"href":"http:\/\/guia-practiques-primaria.aula.uoc.edu\/preguntes-frequents-faqs\/es\/wp-json\/wp\/v2\/comments?post=145"}],"version-history":[{"count":2,"href":"http:\/\/guia-practiques-primaria.aula.uoc.edu\/preguntes-frequents-faqs\/es\/wp-json\/wp\/v2\/pages\/145\/revisions"}],"predecessor-version":[{"id":147,"href":"http:\/\/guia-practiques-primaria.aula.uoc.edu\/preguntes-frequents-faqs\/es\/wp-json\/wp\/v2\/pages\/145\/revisions\/147"}],"wp:attachment":[{"href":"http:\/\/guia-practiques-primaria.aula.uoc.edu\/preguntes-frequents-faqs\/es\/wp-json\/wp\/v2\/media?parent=145"}],"curies":[{"name":"wp","href":"https:\/\/api.w.org\/{rel}","templated":true}]}}