{"id":149,"date":"2025-10-09T13:08:16","date_gmt":"2025-10-09T11:08:16","guid":{"rendered":"http:\/\/guia-practiques-primaria.aula.uoc.edu\/preguntes-frequents-faqs\/?page_id=149"},"modified":"2025-10-09T13:08:16","modified_gmt":"2025-10-09T11:08:16","slug":"15-a-quien-tengo-que-acudir-si-tengo-dudas","status":"publish","type":"page","link":"http:\/\/guia-practiques-primaria.aula.uoc.edu\/preguntes-frequents-faqs\/es\/15-a-quien-tengo-que-acudir-si-tengo-dudas\/","title":{"rendered":"15. \u00bfA qui\u00e9n tengo que acudir si tengo dudas?"},"content":{"rendered":"<p>Si despu\u00e9s de consultar toda la informaci\u00f3n sigues con dudas, recuerda que tienes a tu disposici\u00f3n el tutor o tutora UOC, que te podr\u00e1 orientar en estas y otras cuestiones.<\/p>\n","protected":false},"excerpt":{"rendered":"<p>Si despu\u00e9s de consultar toda la informaci\u00f3n sigues con dudas, recuerda que tienes a tu disposici\u00f3n el tutor o tutora UOC, que te podr\u00e1 orientar en estas y otras cuestiones.<\/p>\n","protected":false},"author":1,"featured_media":0,"parent":0,"menu_order":0,"comment_status":"closed","ping_status":"closed","template":"","meta":[],"acf":[],"_links":{"self":[{"href":"http:\/\/guia-practiques-primaria.aula.uoc.edu\/preguntes-frequents-faqs\/es\/wp-json\/wp\/v2\/pages\/149"}],"collection":[{"href":"http:\/\/guia-practiques-primaria.aula.uoc.edu\/preguntes-frequents-faqs\/es\/wp-json\/wp\/v2\/pages"}],"about":[{"href":"http:\/\/guia-practiques-primaria.aula.uoc.edu\/preguntes-frequents-faqs\/es\/wp-json\/wp\/v2\/types\/page"}],"author":[{"embeddable":true,"href":"http:\/\/guia-practiques-primaria.aula.uoc.edu\/preguntes-frequents-faqs\/es\/wp-json\/wp\/v2\/users\/1"}],"replies":[{"embeddable":true,"href":"http:\/\/guia-practiques-primaria.aula.uoc.edu\/preguntes-frequents-faqs\/es\/wp-json\/wp\/v2\/comments?post=149"}],"version-history":[{"count":2,"href":"http:\/\/guia-practiques-primaria.aula.uoc.edu\/preguntes-frequents-faqs\/es\/wp-json\/wp\/v2\/pages\/149\/revisions"}],"predecessor-version":[{"id":151,"href":"http:\/\/guia-practiques-primaria.aula.uoc.edu\/preguntes-frequents-faqs\/es\/wp-json\/wp\/v2\/pages\/149\/revisions\/151"}],"wp:attachment":[{"href":"http:\/\/guia-practiques-primaria.aula.uoc.edu\/preguntes-frequents-faqs\/es\/wp-json\/wp\/v2\/media?parent=149"}],"curies":[{"name":"wp","href":"https:\/\/api.w.org\/{rel}","templated":true}]}}