{"id":153,"date":"2025-10-09T13:09:25","date_gmt":"2025-10-09T11:09:25","guid":{"rendered":"http:\/\/guia-practiques-primaria.aula.uoc.edu\/preguntes-frequents-faqs\/?page_id=153"},"modified":"2025-10-09T13:10:00","modified_gmt":"2025-10-09T11:10:00","slug":"16-cuando-puedo-empezar-a-hacer-las-practicas","status":"publish","type":"page","link":"http:\/\/guia-practiques-primaria.aula.uoc.edu\/preguntes-frequents-faqs\/es\/16-cuando-puedo-empezar-a-hacer-las-practicas\/","title":{"rendered":"16. \u00bfCu\u00e1ndo puedo empezar a hacer las pr\u00e1cticas?"},"content":{"rendered":"<p>Con el convenio formalizado, una vez iniciado el semestre, puedes empezar a hacer las horas de presencialidad en el centro de pr\u00e1cticas, excepto si cursas el Pr\u00e1cticum I (o el Pr\u00e1cticum I y II simult\u00e1neamente), que en este caso tendr\u00e1s que esperar dos semanas.<\/p>\n","protected":false},"excerpt":{"rendered":"<p>Con el convenio formalizado, una vez iniciado el semestre, puedes empezar a hacer las horas de presencialidad en el centro de pr\u00e1cticas, excepto si cursas el Pr\u00e1cticum I (o el Pr\u00e1cticum I y II simult\u00e1neamente), que en este caso tendr\u00e1s que esperar dos semanas.<\/p>\n","protected":false},"author":1,"featured_media":0,"parent":0,"menu_order":0,"comment_status":"closed","ping_status":"closed","template":"","meta":[],"acf":[],"_links":{"self":[{"href":"http:\/\/guia-practiques-primaria.aula.uoc.edu\/preguntes-frequents-faqs\/es\/wp-json\/wp\/v2\/pages\/153"}],"collection":[{"href":"http:\/\/guia-practiques-primaria.aula.uoc.edu\/preguntes-frequents-faqs\/es\/wp-json\/wp\/v2\/pages"}],"about":[{"href":"http:\/\/guia-practiques-primaria.aula.uoc.edu\/preguntes-frequents-faqs\/es\/wp-json\/wp\/v2\/types\/page"}],"author":[{"embeddable":true,"href":"http:\/\/guia-practiques-primaria.aula.uoc.edu\/preguntes-frequents-faqs\/es\/wp-json\/wp\/v2\/users\/1"}],"replies":[{"embeddable":true,"href":"http:\/\/guia-practiques-primaria.aula.uoc.edu\/preguntes-frequents-faqs\/es\/wp-json\/wp\/v2\/comments?post=153"}],"version-history":[{"count":3,"href":"http:\/\/guia-practiques-primaria.aula.uoc.edu\/preguntes-frequents-faqs\/es\/wp-json\/wp\/v2\/pages\/153\/revisions"}],"predecessor-version":[{"id":157,"href":"http:\/\/guia-practiques-primaria.aula.uoc.edu\/preguntes-frequents-faqs\/es\/wp-json\/wp\/v2\/pages\/153\/revisions\/157"}],"wp:attachment":[{"href":"http:\/\/guia-practiques-primaria.aula.uoc.edu\/preguntes-frequents-faqs\/es\/wp-json\/wp\/v2\/media?parent=153"}],"curies":[{"name":"wp","href":"https:\/\/api.w.org\/{rel}","templated":true}]}}