{"id":74,"date":"2025-10-09T10:48:00","date_gmt":"2025-10-09T08:48:00","guid":{"rendered":"http:\/\/guia-practiques-primaria.aula.uoc.edu\/preguntes-frequents-faqs\/?page_id=74"},"modified":"2025-10-27T09:15:47","modified_gmt":"2025-10-27T07:15:47","slug":"1-que-es-el-practicum","status":"publish","type":"page","link":"http:\/\/guia-practiques-primaria.aula.uoc.edu\/preguntes-frequents-faqs\/es\/1-que-es-el-practicum\/","title":{"rendered":"1. \u00bfQu\u00e9 es el Pr\u00e1cticum?"},"content":{"rendered":"<p>El grado de Educaci\u00f3n Primaria cuenta con cinco asignaturas de Pr\u00e1cticum que permiten al estudiante acercarse a la din\u00e1mica de la vida escolar, aprender de primera mano de sus profesionales y poner en juego las competencias desarrolladas en las asignaturas cursadas. Es un elemento fundamental e insustituible en la formaci\u00f3n inicial de maestros y en su profesionalizaci\u00f3n.<\/p>\n<p>Los pr\u00e1cticums se cursan de manera continuada a lo largo de todo el grado para que el estudiantado pueda aplicar los conocimientos que va adquiriendo durante la titulaci\u00f3n y favorecer la coherencia entre la actividad pr\u00e1ctica y el resto de componentes del programa de formaci\u00f3n.<\/p>\n","protected":false},"excerpt":{"rendered":"<p>El grado de Educaci\u00f3n Primaria cuenta con cinco asignaturas de Pr\u00e1cticum que permiten al estudiante acercarse a la din\u00e1mica de la vida escolar, aprender de primera mano de sus profesionales y poner en juego las competencias desarrolladas en las asignaturas cursadas. Es un elemento fundamental e insustituible en la formaci\u00f3n inicial de maestros y en [&hellip;]<\/p>\n","protected":false},"author":1,"featured_media":0,"parent":0,"menu_order":0,"comment_status":"closed","ping_status":"closed","template":"","meta":[],"acf":[],"_links":{"self":[{"href":"http:\/\/guia-practiques-primaria.aula.uoc.edu\/preguntes-frequents-faqs\/es\/wp-json\/wp\/v2\/pages\/74"}],"collection":[{"href":"http:\/\/guia-practiques-primaria.aula.uoc.edu\/preguntes-frequents-faqs\/es\/wp-json\/wp\/v2\/pages"}],"about":[{"href":"http:\/\/guia-practiques-primaria.aula.uoc.edu\/preguntes-frequents-faqs\/es\/wp-json\/wp\/v2\/types\/page"}],"author":[{"embeddable":true,"href":"http:\/\/guia-practiques-primaria.aula.uoc.edu\/preguntes-frequents-faqs\/es\/wp-json\/wp\/v2\/users\/1"}],"replies":[{"embeddable":true,"href":"http:\/\/guia-practiques-primaria.aula.uoc.edu\/preguntes-frequents-faqs\/es\/wp-json\/wp\/v2\/comments?post=74"}],"version-history":[{"count":3,"href":"http:\/\/guia-practiques-primaria.aula.uoc.edu\/preguntes-frequents-faqs\/es\/wp-json\/wp\/v2\/pages\/74\/revisions"}],"predecessor-version":[{"id":173,"href":"http:\/\/guia-practiques-primaria.aula.uoc.edu\/preguntes-frequents-faqs\/es\/wp-json\/wp\/v2\/pages\/74\/revisions\/173"}],"wp:attachment":[{"href":"http:\/\/guia-practiques-primaria.aula.uoc.edu\/preguntes-frequents-faqs\/es\/wp-json\/wp\/v2\/media?parent=74"}],"curies":[{"name":"wp","href":"https:\/\/api.w.org\/{rel}","templated":true}]}}