{"id":85,"date":"2025-10-09T12:22:46","date_gmt":"2025-10-09T10:22:46","guid":{"rendered":"http:\/\/guia-practiques-primaria.aula.uoc.edu\/preguntes-frequents-faqs\/?page_id=85"},"modified":"2025-10-27T09:23:29","modified_gmt":"2025-10-27T07:23:29","slug":"3-que-duracion-tienen-los-practicums","status":"publish","type":"page","link":"http:\/\/guia-practiques-primaria.aula.uoc.edu\/preguntes-frequents-faqs\/es\/3-que-duracion-tienen-los-practicums\/","title":{"rendered":"3. \u00bfQu\u00e9 duraci\u00f3n tienen los pr\u00e1cticums?"},"content":{"rendered":"<p>Cada Pr\u00e1cticum tiene una dedicaci\u00f3n en el aula virtual y presencial en el centro de pr\u00e1cticas diferente.<\/p>\n<p><img loading=\"lazy\" class=\"alignnone wp-image-91 size-full\" src=\"\/wp-content\/uploads\/sites\/16\/2025\/10\/practicum.jpg\" alt=\"\" width=\"864\" height=\"514\" srcset=\"\/wp-content\/uploads\/sites\/16\/2025\/10\/practicum.jpg 864w, \/wp-content\/uploads\/sites\/16\/2025\/10\/practicum-300x178.jpg 300w, \/wp-content\/uploads\/sites\/16\/2025\/10\/practicum-768x457.jpg 768w\" sizes=\"(max-width: 864px) 100vw, 864px\" \/><\/p>\n","protected":false},"excerpt":{"rendered":"<p>Cada Pr\u00e1cticum tiene una dedicaci\u00f3n en el aula virtual y presencial en el centro de pr\u00e1cticas diferente.<\/p>\n","protected":false},"author":1,"featured_media":0,"parent":0,"menu_order":0,"comment_status":"closed","ping_status":"closed","template":"","meta":[],"acf":[],"_links":{"self":[{"href":"http:\/\/guia-practiques-primaria.aula.uoc.edu\/preguntes-frequents-faqs\/es\/wp-json\/wp\/v2\/pages\/85"}],"collection":[{"href":"http:\/\/guia-practiques-primaria.aula.uoc.edu\/preguntes-frequents-faqs\/es\/wp-json\/wp\/v2\/pages"}],"about":[{"href":"http:\/\/guia-practiques-primaria.aula.uoc.edu\/preguntes-frequents-faqs\/es\/wp-json\/wp\/v2\/types\/page"}],"author":[{"embeddable":true,"href":"http:\/\/guia-practiques-primaria.aula.uoc.edu\/preguntes-frequents-faqs\/es\/wp-json\/wp\/v2\/users\/1"}],"replies":[{"embeddable":true,"href":"http:\/\/guia-practiques-primaria.aula.uoc.edu\/preguntes-frequents-faqs\/es\/wp-json\/wp\/v2\/comments?post=85"}],"version-history":[{"count":6,"href":"http:\/\/guia-practiques-primaria.aula.uoc.edu\/preguntes-frequents-faqs\/es\/wp-json\/wp\/v2\/pages\/85\/revisions"}],"predecessor-version":[{"id":174,"href":"http:\/\/guia-practiques-primaria.aula.uoc.edu\/preguntes-frequents-faqs\/es\/wp-json\/wp\/v2\/pages\/85\/revisions\/174"}],"wp:attachment":[{"href":"http:\/\/guia-practiques-primaria.aula.uoc.edu\/preguntes-frequents-faqs\/es\/wp-json\/wp\/v2\/media?parent=85"}],"curies":[{"name":"wp","href":"https:\/\/api.w.org\/{rel}","templated":true}]}}