{"id":95,"date":"2025-10-09T12:28:23","date_gmt":"2025-10-09T10:28:23","guid":{"rendered":"http:\/\/guia-practiques-primaria.aula.uoc.edu\/preguntes-frequents-faqs\/?page_id=95"},"modified":"2025-10-27T09:13:31","modified_gmt":"2025-10-27T07:13:31","slug":"4-que-requisitos-tengo-que-haber-superado-para-poderme-matricular-en-algun-practicum","status":"publish","type":"page","link":"http:\/\/guia-practiques-primaria.aula.uoc.edu\/preguntes-frequents-faqs\/es\/4-que-requisitos-tengo-que-haber-superado-para-poderme-matricular-en-algun-practicum\/","title":{"rendered":"4. \u00bfQu\u00e9 requisitos tengo que haber superado para poderme matricular en alg\u00fan Pr\u00e1cticum?"},"content":{"rendered":"<p>Cada asignatura de Pr\u00e1cticum conlleva la superaci\u00f3n previa de una serie de asignaturas y el cumplimiento de requisitos concretos. Consulta <a href=\"\/wp-content\/uploads\/sites\/16\/2025\/10\/Descripcio\u0301n-i-Requisitos-Practicums-Eduprima\u0301ria.pdf\" target=\"_blank\" rel=\"noopener\">aqu\u00ed<\/a> los requisitos detallados de cada asignatura.<\/p>\n","protected":false},"excerpt":{"rendered":"<p>Cada asignatura de Pr\u00e1cticum conlleva la superaci\u00f3n previa de una serie de asignaturas y el cumplimiento de requisitos concretos. Consulta aqu\u00ed los requisitos detallados de cada asignatura.<\/p>\n","protected":false},"author":1,"featured_media":0,"parent":0,"menu_order":0,"comment_status":"closed","ping_status":"closed","template":"","meta":[],"acf":[],"_links":{"self":[{"href":"http:\/\/guia-practiques-primaria.aula.uoc.edu\/preguntes-frequents-faqs\/es\/wp-json\/wp\/v2\/pages\/95"}],"collection":[{"href":"http:\/\/guia-practiques-primaria.aula.uoc.edu\/preguntes-frequents-faqs\/es\/wp-json\/wp\/v2\/pages"}],"about":[{"href":"http:\/\/guia-practiques-primaria.aula.uoc.edu\/preguntes-frequents-faqs\/es\/wp-json\/wp\/v2\/types\/page"}],"author":[{"embeddable":true,"href":"http:\/\/guia-practiques-primaria.aula.uoc.edu\/preguntes-frequents-faqs\/es\/wp-json\/wp\/v2\/users\/1"}],"replies":[{"embeddable":true,"href":"http:\/\/guia-practiques-primaria.aula.uoc.edu\/preguntes-frequents-faqs\/es\/wp-json\/wp\/v2\/comments?post=95"}],"version-history":[{"count":3,"href":"http:\/\/guia-practiques-primaria.aula.uoc.edu\/preguntes-frequents-faqs\/es\/wp-json\/wp\/v2\/pages\/95\/revisions"}],"predecessor-version":[{"id":171,"href":"http:\/\/guia-practiques-primaria.aula.uoc.edu\/preguntes-frequents-faqs\/es\/wp-json\/wp\/v2\/pages\/95\/revisions\/171"}],"wp:attachment":[{"href":"http:\/\/guia-practiques-primaria.aula.uoc.edu\/preguntes-frequents-faqs\/es\/wp-json\/wp\/v2\/media?parent=95"}],"curies":[{"name":"wp","href":"https:\/\/api.w.org\/{rel}","templated":true}]}}