{"id":20,"date":"2025-09-08T11:27:13","date_gmt":"2025-09-08T09:27:13","guid":{"rendered":"http:\/\/guia-practiques-primaria.aula.uoc.edu\/preguntes-frequents-faqs\/?page_id=20"},"modified":"2025-09-08T11:27:13","modified_gmt":"2025-09-08T09:27:13","slug":"1-que-es-el-practicum","status":"publish","type":"page","link":"http:\/\/guia-practiques-primaria.aula.uoc.edu\/preguntes-frequents-faqs\/1-que-es-el-practicum\/","title":{"rendered":"1. Qu\u00e8 \u00e9s el Pr\u00e0cticum?"},"content":{"rendered":"<p>El grau d\u2019Educaci\u00f3 Prim\u00e0ria compta amb cinc assignatures de Pr\u00e0cticum que permeten a l\u2019estudiant apropar-se en la din\u00e0mica de la vida escolar, aprendre de primera m\u00e0 dels seus professionals i posar en joc les compet\u00e8ncies desenvolupades a les assignatures cursades. \u00c9s un element fonamental i insubstitu\u00efble en la formaci\u00f3 inicial de mestres i en la seva professionalitzaci\u00f3.<\/p>\n<p>Els Pr\u00e0cticums es cursen de manera sostinguda durant tot el grau per tal que l\u2019estudiantat pugui aplicar els coneixements que va assolint al llarg de la titulaci\u00f3 i afavorir la coher\u00e8ncia entre l\u2019activitat pr\u00e0ctica i la resta de components del programa de formaci\u00f3.<\/p>\n","protected":false},"excerpt":{"rendered":"<p>El grau d\u2019Educaci\u00f3 Prim\u00e0ria compta amb cinc assignatures de Pr\u00e0cticum que permeten a l\u2019estudiant apropar-se en la din\u00e0mica de la vida escolar, aprendre de primera m\u00e0 dels seus professionals i posar en joc les compet\u00e8ncies desenvolupades a les assignatures cursades. \u00c9s un element fonamental i insubstitu\u00efble en la formaci\u00f3 inicial de mestres i en la [&hellip;]<\/p>\n","protected":false},"author":1,"featured_media":0,"parent":0,"menu_order":0,"comment_status":"closed","ping_status":"closed","template":"","meta":[],"acf":[],"_links":{"self":[{"href":"http:\/\/guia-practiques-primaria.aula.uoc.edu\/preguntes-frequents-faqs\/wp-json\/wp\/v2\/pages\/20"}],"collection":[{"href":"http:\/\/guia-practiques-primaria.aula.uoc.edu\/preguntes-frequents-faqs\/wp-json\/wp\/v2\/pages"}],"about":[{"href":"http:\/\/guia-practiques-primaria.aula.uoc.edu\/preguntes-frequents-faqs\/wp-json\/wp\/v2\/types\/page"}],"author":[{"embeddable":true,"href":"http:\/\/guia-practiques-primaria.aula.uoc.edu\/preguntes-frequents-faqs\/wp-json\/wp\/v2\/users\/1"}],"replies":[{"embeddable":true,"href":"http:\/\/guia-practiques-primaria.aula.uoc.edu\/preguntes-frequents-faqs\/wp-json\/wp\/v2\/comments?post=20"}],"version-history":[{"count":1,"href":"http:\/\/guia-practiques-primaria.aula.uoc.edu\/preguntes-frequents-faqs\/wp-json\/wp\/v2\/pages\/20\/revisions"}],"predecessor-version":[{"id":21,"href":"http:\/\/guia-practiques-primaria.aula.uoc.edu\/preguntes-frequents-faqs\/wp-json\/wp\/v2\/pages\/20\/revisions\/21"}],"wp:attachment":[{"href":"http:\/\/guia-practiques-primaria.aula.uoc.edu\/preguntes-frequents-faqs\/wp-json\/wp\/v2\/media?parent=20"}],"curies":[{"name":"wp","href":"https:\/\/api.w.org\/{rel}","templated":true}]}}