{"id":22,"date":"2025-09-08T11:27:47","date_gmt":"2025-09-08T09:27:47","guid":{"rendered":"http:\/\/guia-practiques-primaria.aula.uoc.edu\/preguntes-frequents-faqs\/?page_id=22"},"modified":"2025-09-08T11:27:47","modified_gmt":"2025-09-08T09:27:47","slug":"2-els-practicums-son-obligatoris","status":"publish","type":"page","link":"http:\/\/guia-practiques-primaria.aula.uoc.edu\/preguntes-frequents-faqs\/2-els-practicums-son-obligatoris\/","title":{"rendered":"2. Els pr\u00e0cticums s\u00f3n obligatoris?"},"content":{"rendered":"<p>S\u00ed, les cinc assignatures de pr\u00e0cticum s\u00f3n obligat\u00f2ries dins del pla d\u2019estudis del Grau d\u2019Educaci\u00f3 Prim\u00e0ria.<\/p>\n","protected":false},"excerpt":{"rendered":"<p>S\u00ed, les cinc assignatures de pr\u00e0cticum s\u00f3n obligat\u00f2ries dins del pla d\u2019estudis del Grau d\u2019Educaci\u00f3 Prim\u00e0ria.<\/p>\n","protected":false},"author":1,"featured_media":0,"parent":0,"menu_order":0,"comment_status":"closed","ping_status":"closed","template":"","meta":[],"acf":[],"_links":{"self":[{"href":"http:\/\/guia-practiques-primaria.aula.uoc.edu\/preguntes-frequents-faqs\/wp-json\/wp\/v2\/pages\/22"}],"collection":[{"href":"http:\/\/guia-practiques-primaria.aula.uoc.edu\/preguntes-frequents-faqs\/wp-json\/wp\/v2\/pages"}],"about":[{"href":"http:\/\/guia-practiques-primaria.aula.uoc.edu\/preguntes-frequents-faqs\/wp-json\/wp\/v2\/types\/page"}],"author":[{"embeddable":true,"href":"http:\/\/guia-practiques-primaria.aula.uoc.edu\/preguntes-frequents-faqs\/wp-json\/wp\/v2\/users\/1"}],"replies":[{"embeddable":true,"href":"http:\/\/guia-practiques-primaria.aula.uoc.edu\/preguntes-frequents-faqs\/wp-json\/wp\/v2\/comments?post=22"}],"version-history":[{"count":1,"href":"http:\/\/guia-practiques-primaria.aula.uoc.edu\/preguntes-frequents-faqs\/wp-json\/wp\/v2\/pages\/22\/revisions"}],"predecessor-version":[{"id":23,"href":"http:\/\/guia-practiques-primaria.aula.uoc.edu\/preguntes-frequents-faqs\/wp-json\/wp\/v2\/pages\/22\/revisions\/23"}],"wp:attachment":[{"href":"http:\/\/guia-practiques-primaria.aula.uoc.edu\/preguntes-frequents-faqs\/wp-json\/wp\/v2\/media?parent=22"}],"curies":[{"name":"wp","href":"https:\/\/api.w.org\/{rel}","templated":true}]}}