{"id":29,"date":"2025-09-08T11:30:57","date_gmt":"2025-09-08T09:30:57","guid":{"rendered":"http:\/\/guia-practiques-primaria.aula.uoc.edu\/preguntes-frequents-faqs\/?page_id=29"},"modified":"2025-09-08T11:30:57","modified_gmt":"2025-09-08T09:30:57","slug":"4-quins-requisits-he-dhaver-superat-per-poder-me-matricular-en-algun-practicum","status":"publish","type":"page","link":"http:\/\/guia-practiques-primaria.aula.uoc.edu\/preguntes-frequents-faqs\/4-quins-requisits-he-dhaver-superat-per-poder-me-matricular-en-algun-practicum\/","title":{"rendered":"4. Quins requisits he d\u2019haver superat per poder-me matricular en algun Pr\u00e0cticum?"},"content":{"rendered":"<p>Cada assignatura de Pr\u00e0cticum comporta la superaci\u00f3 pr\u00e8via d&#8217;una s\u00e8rie d&#8217;assignatures i l&#8217;acompliment de requisits concrets. Consulta <a href=\"https:\/\/campus.uoc.edu\/estudiant\/_resources\/docs\/tramits\/practiques\/GR31\/GR31_DescripcioPracticum_CA.pdf\" target=\"_blank\" rel=\"noopener\">aqu\u00ed<\/a> els requisits detallats de cada assignatura.<\/p>\n","protected":false},"excerpt":{"rendered":"<p>Cada assignatura de Pr\u00e0cticum comporta la superaci\u00f3 pr\u00e8via d&#8217;una s\u00e8rie d&#8217;assignatures i l&#8217;acompliment de requisits concrets. Consulta aqu\u00ed els requisits detallats de cada assignatura.<\/p>\n","protected":false},"author":1,"featured_media":0,"parent":0,"menu_order":0,"comment_status":"closed","ping_status":"closed","template":"","meta":[],"acf":[],"_links":{"self":[{"href":"http:\/\/guia-practiques-primaria.aula.uoc.edu\/preguntes-frequents-faqs\/wp-json\/wp\/v2\/pages\/29"}],"collection":[{"href":"http:\/\/guia-practiques-primaria.aula.uoc.edu\/preguntes-frequents-faqs\/wp-json\/wp\/v2\/pages"}],"about":[{"href":"http:\/\/guia-practiques-primaria.aula.uoc.edu\/preguntes-frequents-faqs\/wp-json\/wp\/v2\/types\/page"}],"author":[{"embeddable":true,"href":"http:\/\/guia-practiques-primaria.aula.uoc.edu\/preguntes-frequents-faqs\/wp-json\/wp\/v2\/users\/1"}],"replies":[{"embeddable":true,"href":"http:\/\/guia-practiques-primaria.aula.uoc.edu\/preguntes-frequents-faqs\/wp-json\/wp\/v2\/comments?post=29"}],"version-history":[{"count":1,"href":"http:\/\/guia-practiques-primaria.aula.uoc.edu\/preguntes-frequents-faqs\/wp-json\/wp\/v2\/pages\/29\/revisions"}],"predecessor-version":[{"id":30,"href":"http:\/\/guia-practiques-primaria.aula.uoc.edu\/preguntes-frequents-faqs\/wp-json\/wp\/v2\/pages\/29\/revisions\/30"}],"wp:attachment":[{"href":"http:\/\/guia-practiques-primaria.aula.uoc.edu\/preguntes-frequents-faqs\/wp-json\/wp\/v2\/media?parent=29"}],"curies":[{"name":"wp","href":"https:\/\/api.w.org\/{rel}","templated":true}]}}