{"id":38,"date":"2025-09-08T11:35:14","date_gmt":"2025-09-08T09:35:14","guid":{"rendered":"http:\/\/guia-practiques-primaria.aula.uoc.edu\/preguntes-frequents-faqs\/?page_id=38"},"modified":"2025-09-08T11:36:29","modified_gmt":"2025-09-08T09:36:29","slug":"7-si-visc-a-lestat-espanyol-puc-fer-les-practiques","status":"publish","type":"page","link":"http:\/\/guia-practiques-primaria.aula.uoc.edu\/preguntes-frequents-faqs\/7-si-visc-a-lestat-espanyol-puc-fer-les-practiques\/","title":{"rendered":"7. Si visc a l\u2019estat espanyol, puc fer les pr\u00e0ctiques?"},"content":{"rendered":"<p>S\u00ed. Cada comunitat aut\u00f2noma t\u00e9 unes regulacions pr\u00f2pies en refer\u00e8ncia a les pr\u00e0ctiques d\u2019educaci\u00f3. Per aquest motiu, abans de posar-te en contacte amb un centre t&#8217;has d&#8217;assegurar que la conselleria de la comunitat aut\u00f2noma on vols fer les pr\u00e0ctiques permet fer convenis de pr\u00e0ctiques. Trobar\u00e0s la informaci\u00f3 en aquest <a href=\"https:\/\/campus.uoc.edu\/estudiant\/tramits\/ca\/practiques\/practiques_curriculars\/convenis_ccaa\/index.html\" target=\"_blank\" rel=\"noopener\">espai<\/a>.<\/p>\n","protected":false},"excerpt":{"rendered":"<p>S\u00ed. Cada comunitat aut\u00f2noma t\u00e9 unes regulacions pr\u00f2pies en refer\u00e8ncia a les pr\u00e0ctiques d\u2019educaci\u00f3. Per aquest motiu, abans de posar-te en contacte amb un centre t&#8217;has d&#8217;assegurar que la conselleria de la comunitat aut\u00f2noma on vols fer les pr\u00e0ctiques permet fer convenis de pr\u00e0ctiques. Trobar\u00e0s la informaci\u00f3 en aquest espai.<\/p>\n","protected":false},"author":1,"featured_media":0,"parent":0,"menu_order":0,"comment_status":"closed","ping_status":"closed","template":"","meta":[],"acf":[],"_links":{"self":[{"href":"http:\/\/guia-practiques-primaria.aula.uoc.edu\/preguntes-frequents-faqs\/wp-json\/wp\/v2\/pages\/38"}],"collection":[{"href":"http:\/\/guia-practiques-primaria.aula.uoc.edu\/preguntes-frequents-faqs\/wp-json\/wp\/v2\/pages"}],"about":[{"href":"http:\/\/guia-practiques-primaria.aula.uoc.edu\/preguntes-frequents-faqs\/wp-json\/wp\/v2\/types\/page"}],"author":[{"embeddable":true,"href":"http:\/\/guia-practiques-primaria.aula.uoc.edu\/preguntes-frequents-faqs\/wp-json\/wp\/v2\/users\/1"}],"replies":[{"embeddable":true,"href":"http:\/\/guia-practiques-primaria.aula.uoc.edu\/preguntes-frequents-faqs\/wp-json\/wp\/v2\/comments?post=38"}],"version-history":[{"count":1,"href":"http:\/\/guia-practiques-primaria.aula.uoc.edu\/preguntes-frequents-faqs\/wp-json\/wp\/v2\/pages\/38\/revisions"}],"predecessor-version":[{"id":39,"href":"http:\/\/guia-practiques-primaria.aula.uoc.edu\/preguntes-frequents-faqs\/wp-json\/wp\/v2\/pages\/38\/revisions\/39"}],"wp:attachment":[{"href":"http:\/\/guia-practiques-primaria.aula.uoc.edu\/preguntes-frequents-faqs\/wp-json\/wp\/v2\/media?parent=38"}],"curies":[{"name":"wp","href":"https:\/\/api.w.org\/{rel}","templated":true}]}}