{"id":40,"date":"2025-09-08T11:37:34","date_gmt":"2025-09-08T09:37:34","guid":{"rendered":"http:\/\/guia-practiques-primaria.aula.uoc.edu\/preguntes-frequents-faqs\/?page_id=40"},"modified":"2025-09-08T11:37:34","modified_gmt":"2025-09-08T09:37:34","slug":"8-si-visc-a-lestranger-puc-fer-les-practiques-en-un-centre-del-pais-on-resideixo","status":"publish","type":"page","link":"http:\/\/guia-practiques-primaria.aula.uoc.edu\/preguntes-frequents-faqs\/8-si-visc-a-lestranger-puc-fer-les-practiques-en-un-centre-del-pais-on-resideixo\/","title":{"rendered":"8. Si visc a l\u2019estranger, puc fer les pr\u00e0ctiques en un centre del pa\u00eds on resideixo?"},"content":{"rendered":"<p>Es poden realitzar les pr\u00e0ctiques a l\u2019estranger, sempre que es facin en centres adscrits al sistema educatiu espanyol. Pots consultar quins centres compleixen aquest requisit des d\u2019aquest <a href=\"https:\/\/www.educacion.gob.es\/centros\/buscarCentros?codaut=60&amp;nombreaut=EXTRANJERO&amp;codprov=00&amp;tipocentro=6101\" target=\"_blank\" rel=\"noopener\">espai<\/a>.<\/p>\n","protected":false},"excerpt":{"rendered":"<p>Es poden realitzar les pr\u00e0ctiques a l\u2019estranger, sempre que es facin en centres adscrits al sistema educatiu espanyol. Pots consultar quins centres compleixen aquest requisit des d\u2019aquest espai.<\/p>\n","protected":false},"author":1,"featured_media":0,"parent":0,"menu_order":0,"comment_status":"closed","ping_status":"closed","template":"","meta":[],"acf":[],"_links":{"self":[{"href":"http:\/\/guia-practiques-primaria.aula.uoc.edu\/preguntes-frequents-faqs\/wp-json\/wp\/v2\/pages\/40"}],"collection":[{"href":"http:\/\/guia-practiques-primaria.aula.uoc.edu\/preguntes-frequents-faqs\/wp-json\/wp\/v2\/pages"}],"about":[{"href":"http:\/\/guia-practiques-primaria.aula.uoc.edu\/preguntes-frequents-faqs\/wp-json\/wp\/v2\/types\/page"}],"author":[{"embeddable":true,"href":"http:\/\/guia-practiques-primaria.aula.uoc.edu\/preguntes-frequents-faqs\/wp-json\/wp\/v2\/users\/1"}],"replies":[{"embeddable":true,"href":"http:\/\/guia-practiques-primaria.aula.uoc.edu\/preguntes-frequents-faqs\/wp-json\/wp\/v2\/comments?post=40"}],"version-history":[{"count":1,"href":"http:\/\/guia-practiques-primaria.aula.uoc.edu\/preguntes-frequents-faqs\/wp-json\/wp\/v2\/pages\/40\/revisions"}],"predecessor-version":[{"id":42,"href":"http:\/\/guia-practiques-primaria.aula.uoc.edu\/preguntes-frequents-faqs\/wp-json\/wp\/v2\/pages\/40\/revisions\/42"}],"wp:attachment":[{"href":"http:\/\/guia-practiques-primaria.aula.uoc.edu\/preguntes-frequents-faqs\/wp-json\/wp\/v2\/media?parent=40"}],"curies":[{"name":"wp","href":"https:\/\/api.w.org\/{rel}","templated":true}]}}