{"id":53,"date":"2025-09-08T11:45:01","date_gmt":"2025-09-08T09:45:01","guid":{"rendered":"http:\/\/guia-practiques-primaria.aula.uoc.edu\/preguntes-frequents-faqs\/?page_id=53"},"modified":"2025-09-08T11:45:01","modified_gmt":"2025-09-08T09:45:01","slug":"12-puc-fer-les-practiques-al-centre-on-treballo","status":"publish","type":"page","link":"http:\/\/guia-practiques-primaria.aula.uoc.edu\/preguntes-frequents-faqs\/12-puc-fer-les-practiques-al-centre-on-treballo\/","title":{"rendered":"12. Puc fer les pr\u00e0ctiques al centre on treballo?"},"content":{"rendered":"<p>S\u00ed, pots realitzar les pr\u00e0ctiques al centre on treballes. Es podr\u00e0 fer fins a un 25 % de les hores de pr\u00e0ctiques durant l&#8217;horari laboral, sempre que les tasques estiguin relacionades amb doc\u00e8ncia a l&#8217;educaci\u00f3 prim\u00e0ria. Si s&#8217;opta per aquesta opci\u00f3, cal emplenar el <a href=\"https:\/\/forms.gle\/Rh9t6RzAZ3EkV1oQA\" target=\"_blank\" rel=\"noopener\">formulari<\/a> i lliurar (a trav\u00e9s del mateix formulari) la <a href=\"https:\/\/campus.uoc.edu\/estudiant\/_resources\/docs\/tramits\/practiques\/GR31\/declaracio-responsabilitat-estudiant.doc\" target=\"_blank\" rel=\"noopener\">declaraci\u00f3 de responsabilitat juntament amb el certificat em\u00e8s pel centre educatiu<\/a> on es presta servei.<\/p>\n","protected":false},"excerpt":{"rendered":"<p>S\u00ed, pots realitzar les pr\u00e0ctiques al centre on treballes. Es podr\u00e0 fer fins a un 25 % de les hores de pr\u00e0ctiques durant l&#8217;horari laboral, sempre que les tasques estiguin relacionades amb doc\u00e8ncia a l&#8217;educaci\u00f3 prim\u00e0ria. Si s&#8217;opta per aquesta opci\u00f3, cal emplenar el formulari i lliurar (a trav\u00e9s del mateix formulari) la declaraci\u00f3 de [&hellip;]<\/p>\n","protected":false},"author":1,"featured_media":0,"parent":0,"menu_order":0,"comment_status":"closed","ping_status":"closed","template":"","meta":[],"acf":[],"_links":{"self":[{"href":"http:\/\/guia-practiques-primaria.aula.uoc.edu\/preguntes-frequents-faqs\/wp-json\/wp\/v2\/pages\/53"}],"collection":[{"href":"http:\/\/guia-practiques-primaria.aula.uoc.edu\/preguntes-frequents-faqs\/wp-json\/wp\/v2\/pages"}],"about":[{"href":"http:\/\/guia-practiques-primaria.aula.uoc.edu\/preguntes-frequents-faqs\/wp-json\/wp\/v2\/types\/page"}],"author":[{"embeddable":true,"href":"http:\/\/guia-practiques-primaria.aula.uoc.edu\/preguntes-frequents-faqs\/wp-json\/wp\/v2\/users\/1"}],"replies":[{"embeddable":true,"href":"http:\/\/guia-practiques-primaria.aula.uoc.edu\/preguntes-frequents-faqs\/wp-json\/wp\/v2\/comments?post=53"}],"version-history":[{"count":1,"href":"http:\/\/guia-practiques-primaria.aula.uoc.edu\/preguntes-frequents-faqs\/wp-json\/wp\/v2\/pages\/53\/revisions"}],"predecessor-version":[{"id":54,"href":"http:\/\/guia-practiques-primaria.aula.uoc.edu\/preguntes-frequents-faqs\/wp-json\/wp\/v2\/pages\/53\/revisions\/54"}],"wp:attachment":[{"href":"http:\/\/guia-practiques-primaria.aula.uoc.edu\/preguntes-frequents-faqs\/wp-json\/wp\/v2\/media?parent=53"}],"curies":[{"name":"wp","href":"https:\/\/api.w.org\/{rel}","templated":true}]}}