{"id":59,"date":"2025-09-08T11:47:39","date_gmt":"2025-09-08T09:47:39","guid":{"rendered":"http:\/\/guia-practiques-primaria.aula.uoc.edu\/preguntes-frequents-faqs\/?page_id=59"},"modified":"2025-09-08T11:48:26","modified_gmt":"2025-09-08T09:48:26","slug":"14-qui-i-com-avalua-les-meves-practiques","status":"publish","type":"page","link":"http:\/\/guia-practiques-primaria.aula.uoc.edu\/preguntes-frequents-faqs\/14-qui-i-com-avalua-les-meves-practiques\/","title":{"rendered":"14. Qui i com avalua les meves pr\u00e0ctiques?"},"content":{"rendered":"<p>L\u2019avaluaci\u00f3 de les pr\u00e0ctiques t\u00e9 en compte la valoraci\u00f3 que emet la mentoria de centre i el docent de l\u2019aula virtual. La nota final \u00e9s el resultat de les activitats proposades a l\u2019aula virtual i de l\u2019informe de pr\u00e0ctiques que elabora el mentor o la mentora del centre.<\/p>\n","protected":false},"excerpt":{"rendered":"<p>L\u2019avaluaci\u00f3 de les pr\u00e0ctiques t\u00e9 en compte la valoraci\u00f3 que emet la mentoria de centre i el docent de l\u2019aula virtual. La nota final \u00e9s el resultat de les activitats proposades a l\u2019aula virtual i de l\u2019informe de pr\u00e0ctiques que elabora el mentor o la mentora del centre.<\/p>\n","protected":false},"author":1,"featured_media":0,"parent":0,"menu_order":0,"comment_status":"closed","ping_status":"closed","template":"","meta":[],"acf":[],"_links":{"self":[{"href":"http:\/\/guia-practiques-primaria.aula.uoc.edu\/preguntes-frequents-faqs\/wp-json\/wp\/v2\/pages\/59"}],"collection":[{"href":"http:\/\/guia-practiques-primaria.aula.uoc.edu\/preguntes-frequents-faqs\/wp-json\/wp\/v2\/pages"}],"about":[{"href":"http:\/\/guia-practiques-primaria.aula.uoc.edu\/preguntes-frequents-faqs\/wp-json\/wp\/v2\/types\/page"}],"author":[{"embeddable":true,"href":"http:\/\/guia-practiques-primaria.aula.uoc.edu\/preguntes-frequents-faqs\/wp-json\/wp\/v2\/users\/1"}],"replies":[{"embeddable":true,"href":"http:\/\/guia-practiques-primaria.aula.uoc.edu\/preguntes-frequents-faqs\/wp-json\/wp\/v2\/comments?post=59"}],"version-history":[{"count":1,"href":"http:\/\/guia-practiques-primaria.aula.uoc.edu\/preguntes-frequents-faqs\/wp-json\/wp\/v2\/pages\/59\/revisions"}],"predecessor-version":[{"id":60,"href":"http:\/\/guia-practiques-primaria.aula.uoc.edu\/preguntes-frequents-faqs\/wp-json\/wp\/v2\/pages\/59\/revisions\/60"}],"wp:attachment":[{"href":"http:\/\/guia-practiques-primaria.aula.uoc.edu\/preguntes-frequents-faqs\/wp-json\/wp\/v2\/media?parent=59"}],"curies":[{"name":"wp","href":"https:\/\/api.w.org\/{rel}","templated":true}]}}