{"id":62,"date":"2025-09-08T11:48:42","date_gmt":"2025-09-08T09:48:42","guid":{"rendered":"http:\/\/guia-practiques-primaria.aula.uoc.edu\/preguntes-frequents-faqs\/?page_id=62"},"modified":"2025-09-08T11:48:42","modified_gmt":"2025-09-08T09:48:42","slug":"15-a-qui-he-dacudir-si-tinc-dubtes","status":"publish","type":"page","link":"http:\/\/guia-practiques-primaria.aula.uoc.edu\/preguntes-frequents-faqs\/15-a-qui-he-dacudir-si-tinc-dubtes\/","title":{"rendered":"15. A qui he d\u2019acudir si tinc dubtes?"},"content":{"rendered":"<p>Si despr\u00e9s de consultar tota la informaci\u00f3 segueixes amb dubtes, recorda que tens a la teva disposici\u00f3 el tutor o tutora UOC, que et podr\u00e0 orientar en aquestes i d\u2019altres q\u00fcestions.<\/p>\n","protected":false},"excerpt":{"rendered":"<p>Si despr\u00e9s de consultar tota la informaci\u00f3 segueixes amb dubtes, recorda que tens a la teva disposici\u00f3 el tutor o tutora UOC, que et podr\u00e0 orientar en aquestes i d\u2019altres q\u00fcestions.<\/p>\n","protected":false},"author":1,"featured_media":0,"parent":0,"menu_order":0,"comment_status":"closed","ping_status":"closed","template":"","meta":[],"acf":[],"_links":{"self":[{"href":"http:\/\/guia-practiques-primaria.aula.uoc.edu\/preguntes-frequents-faqs\/wp-json\/wp\/v2\/pages\/62"}],"collection":[{"href":"http:\/\/guia-practiques-primaria.aula.uoc.edu\/preguntes-frequents-faqs\/wp-json\/wp\/v2\/pages"}],"about":[{"href":"http:\/\/guia-practiques-primaria.aula.uoc.edu\/preguntes-frequents-faqs\/wp-json\/wp\/v2\/types\/page"}],"author":[{"embeddable":true,"href":"http:\/\/guia-practiques-primaria.aula.uoc.edu\/preguntes-frequents-faqs\/wp-json\/wp\/v2\/users\/1"}],"replies":[{"embeddable":true,"href":"http:\/\/guia-practiques-primaria.aula.uoc.edu\/preguntes-frequents-faqs\/wp-json\/wp\/v2\/comments?post=62"}],"version-history":[{"count":1,"href":"http:\/\/guia-practiques-primaria.aula.uoc.edu\/preguntes-frequents-faqs\/wp-json\/wp\/v2\/pages\/62\/revisions"}],"predecessor-version":[{"id":63,"href":"http:\/\/guia-practiques-primaria.aula.uoc.edu\/preguntes-frequents-faqs\/wp-json\/wp\/v2\/pages\/62\/revisions\/63"}],"wp:attachment":[{"href":"http:\/\/guia-practiques-primaria.aula.uoc.edu\/preguntes-frequents-faqs\/wp-json\/wp\/v2\/media?parent=62"}],"curies":[{"name":"wp","href":"https:\/\/api.w.org\/{rel}","templated":true}]}}