{"id":65,"date":"2025-09-08T11:49:30","date_gmt":"2025-09-08T09:49:30","guid":{"rendered":"http:\/\/guia-practiques-primaria.aula.uoc.edu\/preguntes-frequents-faqs\/?page_id=65"},"modified":"2025-09-08T11:49:30","modified_gmt":"2025-09-08T09:49:30","slug":"16-quan-puc-comencar-a-fer-les-practiques","status":"publish","type":"page","link":"http:\/\/guia-practiques-primaria.aula.uoc.edu\/preguntes-frequents-faqs\/16-quan-puc-comencar-a-fer-les-practiques\/","title":{"rendered":"16. Quan puc comen\u00e7ar a fer les pr\u00e0ctiques?"},"content":{"rendered":"<p>Amb el conveni formalitzat, un cop iniciat el semestre, pots comen\u00e7ar a fer les hores de presencialitat al centre de pr\u00e0ctiques, excepte si curses el Pr\u00e0cticum I (o el Pr\u00e0cticum I i II simult\u00e0niament), que en aquest cas haur\u00e0s d&#8217;esperar dues setmanes.<\/p>\n","protected":false},"excerpt":{"rendered":"<p>Amb el conveni formalitzat, un cop iniciat el semestre, pots comen\u00e7ar a fer les hores de presencialitat al centre de pr\u00e0ctiques, excepte si curses el Pr\u00e0cticum I (o el Pr\u00e0cticum I i II simult\u00e0niament), que en aquest cas haur\u00e0s d&#8217;esperar dues setmanes.<\/p>\n","protected":false},"author":1,"featured_media":0,"parent":0,"menu_order":0,"comment_status":"closed","ping_status":"closed","template":"","meta":[],"acf":[],"_links":{"self":[{"href":"http:\/\/guia-practiques-primaria.aula.uoc.edu\/preguntes-frequents-faqs\/wp-json\/wp\/v2\/pages\/65"}],"collection":[{"href":"http:\/\/guia-practiques-primaria.aula.uoc.edu\/preguntes-frequents-faqs\/wp-json\/wp\/v2\/pages"}],"about":[{"href":"http:\/\/guia-practiques-primaria.aula.uoc.edu\/preguntes-frequents-faqs\/wp-json\/wp\/v2\/types\/page"}],"author":[{"embeddable":true,"href":"http:\/\/guia-practiques-primaria.aula.uoc.edu\/preguntes-frequents-faqs\/wp-json\/wp\/v2\/users\/1"}],"replies":[{"embeddable":true,"href":"http:\/\/guia-practiques-primaria.aula.uoc.edu\/preguntes-frequents-faqs\/wp-json\/wp\/v2\/comments?post=65"}],"version-history":[{"count":1,"href":"http:\/\/guia-practiques-primaria.aula.uoc.edu\/preguntes-frequents-faqs\/wp-json\/wp\/v2\/pages\/65\/revisions"}],"predecessor-version":[{"id":66,"href":"http:\/\/guia-practiques-primaria.aula.uoc.edu\/preguntes-frequents-faqs\/wp-json\/wp\/v2\/pages\/65\/revisions\/66"}],"wp:attachment":[{"href":"http:\/\/guia-practiques-primaria.aula.uoc.edu\/preguntes-frequents-faqs\/wp-json\/wp\/v2\/media?parent=65"}],"curies":[{"name":"wp","href":"https:\/\/api.w.org\/{rel}","templated":true}]}}