{"id":69,"date":"2025-09-08T11:51:01","date_gmt":"2025-09-08T09:51:01","guid":{"rendered":"http:\/\/guia-practiques-primaria.aula.uoc.edu\/preguntes-frequents-faqs\/?page_id=69"},"modified":"2025-09-08T11:51:01","modified_gmt":"2025-09-08T09:51:01","slug":"17-quina-documentacio-he-de-presentar-al-centre","status":"publish","type":"page","link":"http:\/\/guia-practiques-primaria.aula.uoc.edu\/preguntes-frequents-faqs\/17-quina-documentacio-he-de-presentar-al-centre\/","title":{"rendered":"17. Quina documentaci\u00f3 he de presentar al centre"},"content":{"rendered":"<p>En la teva primera visita, cal que lliuris aquests documents:<\/p>\n<ul>\n<li>Conveni de pr\u00e0ctiques signat, ja que \u00e9s el document que regula les teves pr\u00e0ctiques.<\/li>\n<li>Certificat de delictes de naturalesa sexual, obligatori en cas de treballar amb menors d&#8217;edat. Pots consultar la informaci\u00f3 en <a href=\"https:\/\/sede.mjusticia.gob.es\/ca\/tramites\/certificado-registro-central\" target=\"_blank\" rel=\"noopener\">aquest enlla\u00e7<\/a>.<\/li>\n<\/ul>\n","protected":false},"excerpt":{"rendered":"<p>En la teva primera visita, cal que lliuris aquests documents: Conveni de pr\u00e0ctiques signat, ja que \u00e9s el document que regula les teves pr\u00e0ctiques. Certificat de delictes de naturalesa sexual, obligatori en cas de treballar amb menors d&#8217;edat. Pots consultar la informaci\u00f3 en aquest enlla\u00e7.<\/p>\n","protected":false},"author":1,"featured_media":0,"parent":0,"menu_order":0,"comment_status":"closed","ping_status":"closed","template":"","meta":[],"acf":[],"_links":{"self":[{"href":"http:\/\/guia-practiques-primaria.aula.uoc.edu\/preguntes-frequents-faqs\/wp-json\/wp\/v2\/pages\/69"}],"collection":[{"href":"http:\/\/guia-practiques-primaria.aula.uoc.edu\/preguntes-frequents-faqs\/wp-json\/wp\/v2\/pages"}],"about":[{"href":"http:\/\/guia-practiques-primaria.aula.uoc.edu\/preguntes-frequents-faqs\/wp-json\/wp\/v2\/types\/page"}],"author":[{"embeddable":true,"href":"http:\/\/guia-practiques-primaria.aula.uoc.edu\/preguntes-frequents-faqs\/wp-json\/wp\/v2\/users\/1"}],"replies":[{"embeddable":true,"href":"http:\/\/guia-practiques-primaria.aula.uoc.edu\/preguntes-frequents-faqs\/wp-json\/wp\/v2\/comments?post=69"}],"version-history":[{"count":1,"href":"http:\/\/guia-practiques-primaria.aula.uoc.edu\/preguntes-frequents-faqs\/wp-json\/wp\/v2\/pages\/69\/revisions"}],"predecessor-version":[{"id":70,"href":"http:\/\/guia-practiques-primaria.aula.uoc.edu\/preguntes-frequents-faqs\/wp-json\/wp\/v2\/pages\/69\/revisions\/70"}],"wp:attachment":[{"href":"http:\/\/guia-practiques-primaria.aula.uoc.edu\/preguntes-frequents-faqs\/wp-json\/wp\/v2\/media?parent=69"}],"curies":[{"name":"wp","href":"https:\/\/api.w.org\/{rel}","templated":true}]}}