{"id":9,"date":"2025-07-24T13:00:35","date_gmt":"2025-07-24T11:00:35","guid":{"rendered":"http:\/\/guia-practiques-primaria.aula.uoc.edu\/preguntes-frequents-faqs\/?page_id=9"},"modified":"2025-07-24T13:14:48","modified_gmt":"2025-07-24T11:14:48","slug":"practicum-preguntes-mes-frequents-faqs","status":"publish","type":"page","link":"http:\/\/guia-practiques-primaria.aula.uoc.edu\/preguntes-frequents-faqs\/practicum-preguntes-mes-frequents-faqs\/","title":{"rendered":"Dubtes generals"},"content":{"rendered":"<p>Aquest m\u00f2dul ofereix una col\u00b7lecci\u00f3 de preguntes freq\u00fcents que solen sorgir en relaci\u00f3 amb els Pr\u00e0cticums del Grau d\u2019Educaci\u00f3 Prim\u00e0ria.<\/p>\n<h2><strong>1. Qu\u00e8 \u00e9s el Pr\u00e0cticum?<\/strong><\/h2>\n<p>El grau d&#8217;Educaci\u00f3 Prim\u00e0ria compta amb cinc assignatures de Pr\u00e0cticum que permeten a l\u2019estudiant apropar-se en la din\u00e0mica de la vida escolar, aprendre de primera m\u00e0 dels seus professionals i posar en joc les compet\u00e8ncies desenvolupades a les assignatures cursades. \u00c9s un element fonamental i insubstitu\u00efble en la formaci\u00f3 inicial de mestres i en la seva professionalitzaci\u00f3.<\/p>\n<p>Els Pr\u00e0cticums es cursen de manera sostinguda durant tot el grau per tal que l\u2019estudiantat pugui aplicar els coneixements que va assolint al llarg de la titulaci\u00f3 i afavorir la coher\u00e8ncia entre l\u2019activitat pr\u00e0ctica i la resta de components del programa de formaci\u00f3.<\/p>\n<h2><strong>2. Els pr\u00e0cticums s\u00f3n obligatoris?<\/strong><\/h2>\n<p>S\u00ed, les cinc assignatures de pr\u00e0cticum s\u00f3n obligat\u00f2ries dins del pla d\u2019estudis del Grau d\u2019Educaci\u00f3 Prim\u00e0ria.<\/p>\n<h2>3. Quina durada tenen els Pr\u00e0cticums?<\/h2>\n<p>Cada Pr\u00e0cticum t\u00e9 una dedicaci\u00f3 a l\u2019aula virtual i presencial al centre de pr\u00e0ctiques diferent.<\/p>\n<p><img loading=\"lazy\" class=\"alignnone wp-image-10 size-full\" src=\"\/wp-content\/uploads\/sites\/16\/2025\/07\/PID_00307833_02.png\" alt=\"\" width=\"864\" height=\"514\" srcset=\"\/wp-content\/uploads\/sites\/16\/2025\/07\/PID_00307833_02.png 864w, \/wp-content\/uploads\/sites\/16\/2025\/07\/PID_00307833_02-300x178.png 300w, \/wp-content\/uploads\/sites\/16\/2025\/07\/PID_00307833_02-768x457.png 768w\" sizes=\"(max-width: 864px) 100vw, 864px\" \/><\/p>\n<h2>4. Quins requisits he d\u2019haver superat per poder-me matricular en algun Pr\u00e0cticum?<\/h2>\n<p>Cada assignatura de Pr\u00e0cticum comporta la superaci\u00f3 pr\u00e8via d&#8217;una s\u00e8rie d&#8217;assignatures i l&#8217;acompliment de requisits concrets. Consulta <a href=\"https:\/\/campus.uoc.edu\/estudiant\/_resources\/docs\/tramits\/practiques\/GR31\/GR31_DescripcioPracticum_CA.pdf\" target=\"_blank\" rel=\"noopener\">aqu\u00ed<\/a> els requisits detallats de cada assignatura.<\/p>\n<h2>5. Puc fer dos pr\u00e0cticums a la vegada?<\/h2>\n<p>La recomanaci\u00f3 per part del Grau \u00e9s que els estudiants cursin els pr\u00e0cticums d\u2019un en un, per tal de donar m\u00e9s coher\u00e8ncia al pla d\u2019estudis sencer i gaudir al m\u00e0xim de l\u2019estada al centre de pr\u00e0ctiques. Ara b\u00e9, per tal d\u2019afavorir la conciliaci\u00f3 als estudiants, \u00e9s possible matricular-se de dos pr\u00e0cticums consecutius a la vegada i, per tant, cursar-los conjuntament en el mateix semestre.<\/p>\n<p>En cas que vulguis optar per aquesta opci\u00f3, per\u00f2, cal ser conscient que:<\/p>\n<ul>\n<li>Caldr\u00e0 realitzar les hores de cadascun dels pr\u00e0cticums, aix\u00ed com les activitats d\u2019avaluaci\u00f3 cont\u00ednua de cada assignatura, per separat.<\/li>\n<li>A l\u2019hora de fer la matriculaci\u00f3 de les assignatures, cal que compleixis els requisits del pr\u00e0cticum m\u00e9s alt que matriculis.<\/li>\n<\/ul>\n<h2>6. Com m\u2019he d\u2019inscriure a les pr\u00e0ctiques?<\/h2>\n<p>Pots consultar els terminis i procediments per a sol\u00b7licitar les pr\u00e0ctiques curriculars a l&#8217;espai del Campus <a href=\"https:\/\/campus.uoc.edu\/estudiant\/tramits\/ca\/practiques\/practiques_curriculars\/\" target=\"_blank\" rel=\"noopener\">Tr\u00e0mits \/ Pr\u00e0ctiques a empreses \/ Pr\u00e0ctiques curriculars<\/a>.<\/p>\n<h2>7. Si visc a l\u2019estat espanyol, puc fer les pr\u00e0ctiques?<\/h2>\n<p>S\u00ed. Cada comunitat aut\u00f2noma t\u00e9 unes regulacions pr\u00f2pies en refer\u00e8ncia a les pr\u00e0ctiques d\u2019educaci\u00f3. Per aquest motiu, abans de posar-te en contacte amb un centre t&#8217;has d&#8217;assegurar que la conselleria de la comunitat aut\u00f2noma on vols fer les pr\u00e0ctiques permet fer convenis de pr\u00e0ctiques. Trobar\u00e0s la informaci\u00f3 en aquest <a href=\"https:\/\/campus.uoc.edu\/estudiant\/tramits\/ca\/practiques\/practiques_curriculars\/convenis_ccaa\/index.html\">espai<\/a>.<\/p>\n<h2>8. Si visc a l\u2019estranger, puc fer les pr\u00e0ctiques en un centre del pa\u00eds on resideixo?<\/h2>\n<p>Es poden realitzar les pr\u00e0ctiques a l\u2019estranger, sempre que es facin en centres adscrits al sistema educatiu espanyol. Pots consultar quins centres compleixen aquest requisit des d\u2019aquest <a href=\"https:\/\/www.educacion.gob.es\/centros\/buscarCentros?codaut=60&amp;nombreaut=EXTRANJERO&amp;codprov=00&amp;tipocentro=6101\" target=\"_blank\" rel=\"noopener\">espai<\/a>.<\/p>\n<h2>9. Es poden convalidar les pr\u00e0ctiques?<\/h2>\n<p>Els quatre primers Pr\u00e0cticums poden ser convalidats d\u2019acord amb l\u2019experi\u00e8ncia professional (RAEP). A les <a href=\"https:\/\/campus.uoc.edu\/estudiant\/_resources\/docs\/tramits\/convalidacions\/raep_taules\/GR_EducacioPrimaria_ca.pdf\" target=\"_blank\" rel=\"noopener\">taules de reconeixements<\/a> pots consultar quina documentaci\u00f3 has de presentar per a acreditar l\u2019experi\u00e8ncia professional. Consulteu la informaci\u00f3 del RAEP a Campus \/ <em>Reconeixements i convalidacions<\/em> \/ <em>Reconeixement de l\u2019experi\u00e8ncia professional<\/em>\u00bb.<\/p>\n<h2>10. Puc triar lliurement el centre de pr\u00e0ctiques?<\/h2>\n<p>Segons l\u2019opci\u00f3 de pr\u00e0ctiques que vulguis triar, l\u2019assignaci\u00f3 del centre de pr\u00e0ctiques el realitzar\u00e0 la Universitat o el mateix estudiant.<\/p>\n<h2>11. Qu\u00e8 \u00e9s el conveni de pr\u00e0ctiques?<\/h2>\n<p>El conveni de pr\u00e0ctiques \u00e9s el document que estableix els acords entre la universitat i el centre de pr\u00e0ctiques de l\u2019estudiant del m\u00e0ster. La UOC enviar\u00e0 el document per correu electr\u00f2nic a les parts, l&#8217;estudiant podr\u00e0 signar-lo des del m\u00f2bil, la tauleta o l&#8217;ordinador, amb total validesa legal i el centre ho haur\u00e0 de fer mitjan\u00e7ant signatura electr\u00f2nica.<\/p>\n<h2>12. Puc fer les pr\u00e0ctiques al centre on treballo?<\/h2>\n<p>S\u00ed, pots realitzar les pr\u00e0ctiques al centre on treballes. Es podr\u00e0 fer fins a un 25 % de les hores de pr\u00e0ctiques durant l&#8217;horari laboral, sempre que les tasques estiguin relacionades amb doc\u00e8ncia a l&#8217;educaci\u00f3 prim\u00e0ria. Si s&#8217;opta per aquesta opci\u00f3, cal emplenar el <a href=\"https:\/\/forms.gle\/Rh9t6RzAZ3EkV1oQA\" target=\"_blank\" rel=\"noopener\">formulari<\/a> i lliurar (a trav\u00e9s del mateix formulari) la <a href=\"https:\/\/campus.uoc.edu\/estudiant\/_resources\/docs\/tramits\/practiques\/GR31\/declaracio-responsabilitat-estudiant.doc\" target=\"_blank\" rel=\"noopener\">declaraci\u00f3 de responsabilitat juntament amb el certificat em\u00e8s pel centre educatiu<\/a> on es presta servei.<\/p>\n<h2>13. Qu\u00e8 passa si hi ha canvi de mentor o mentora durant el per\u00edode de pr\u00e0ctiques?<\/h2>\n<p>Si hi ha un canvi de mentor o mentora durant el per\u00edode de pr\u00e0ctiques, heu d\u2019informar el\/la docent col\u00b7laborador\/a UOC amb totes les dades de la nova persona que tutoritzar\u00e0 les pr\u00e0ctiques al centre.<\/p>\n<h2>14. Qui i com avalua les meves pr\u00e0ctiques?<\/h2>\n<p>L\u2019avaluaci\u00f3 de les pr\u00e0ctiques t\u00e9 en compte la valoraci\u00f3 que emet la mentoria de centre i el docent de l\u2019aula virtual. La nota final \u00e9s el resultat de les activitats proposades a l\u2019aula virtual i de l\u2019informe de pr\u00e0ctiques que elabora el mentor o la mentora del centre.<\/p>\n<h2>15. A qui he d\u2019acudir si tinc dubtes?<\/h2>\n<p>Si despr\u00e9s de consultar tota la informaci\u00f3 segueixes amb dubtes, recorda que tens a la teva disposici\u00f3 el tutor o tutora UOC, que et podr\u00e0 orientar en aquestes i d\u2019altres q\u00fcestions.<\/p>\n<h2>16. Quan puc comen\u00e7ar a fer les pr\u00e0ctiques?<\/h2>\n<p>Amb el conveni formalitzat, un cop iniciat el semestre, pots comen\u00e7ar a fer les hores de presencialitat al centre de pr\u00e0ctiques, excepte si curses el Pr\u00e0cticum I (o el Pr\u00e0cticum I i II simult\u00e0niament), que en aquest cas haur\u00e0s d&#8217;esperar dues setmanes.<\/p>\n<h2>17. Quina documentaci\u00f3 he de presentar al centre<\/h2>\n<p>En la teva primera visita, cal que lliuris aquests documents:<\/p>\n<ul>\n<li>Conveni de pr\u00e0ctiques signat, ja que \u00e9s el document que regula les teves pr\u00e0ctiques.<\/li>\n<li>Certificat de delictes de naturalesa sexual, obligatori en cas de treballar amb menors d&#8217;edat. Pots consultar la informaci\u00f3 en <a href=\"https:\/\/sede.mjusticia.gob.es\/ca\/tramites\/certificado-registro-central\" target=\"_blank\" rel=\"noopener\">aquest enlla\u00e7<\/a>.<\/li>\n<\/ul>\n","protected":false},"excerpt":{"rendered":"<p>Aquest m\u00f2dul ofereix una col\u00b7lecci\u00f3 de preguntes freq\u00fcents que solen sorgir en relaci\u00f3 amb els Pr\u00e0cticums del Grau d\u2019Educaci\u00f3 Prim\u00e0ria. 1. Qu\u00e8 \u00e9s el Pr\u00e0cticum? El grau d&#8217;Educaci\u00f3 Prim\u00e0ria compta amb cinc assignatures de Pr\u00e0cticum que permeten a l\u2019estudiant apropar-se en la din\u00e0mica de la vida escolar, aprendre de primera m\u00e0 dels seus professionals i [&hellip;]<\/p>\n","protected":false},"author":1,"featured_media":0,"parent":0,"menu_order":0,"comment_status":"closed","ping_status":"closed","template":"","meta":[],"acf":[],"_links":{"self":[{"href":"http:\/\/guia-practiques-primaria.aula.uoc.edu\/preguntes-frequents-faqs\/wp-json\/wp\/v2\/pages\/9"}],"collection":[{"href":"http:\/\/guia-practiques-primaria.aula.uoc.edu\/preguntes-frequents-faqs\/wp-json\/wp\/v2\/pages"}],"about":[{"href":"http:\/\/guia-practiques-primaria.aula.uoc.edu\/preguntes-frequents-faqs\/wp-json\/wp\/v2\/types\/page"}],"author":[{"embeddable":true,"href":"http:\/\/guia-practiques-primaria.aula.uoc.edu\/preguntes-frequents-faqs\/wp-json\/wp\/v2\/users\/1"}],"replies":[{"embeddable":true,"href":"http:\/\/guia-practiques-primaria.aula.uoc.edu\/preguntes-frequents-faqs\/wp-json\/wp\/v2\/comments?post=9"}],"version-history":[{"count":7,"href":"http:\/\/guia-practiques-primaria.aula.uoc.edu\/preguntes-frequents-faqs\/wp-json\/wp\/v2\/pages\/9\/revisions"}],"predecessor-version":[{"id":19,"href":"http:\/\/guia-practiques-primaria.aula.uoc.edu\/preguntes-frequents-faqs\/wp-json\/wp\/v2\/pages\/9\/revisions\/19"}],"wp:attachment":[{"href":"http:\/\/guia-practiques-primaria.aula.uoc.edu\/preguntes-frequents-faqs\/wp-json\/wp\/v2\/media?parent=9"}],"curies":[{"name":"wp","href":"https:\/\/api.w.org\/{rel}","templated":true}]}}